{"id":4674,"date":"2024-12-10T09:12:46","date_gmt":"2024-12-10T08:12:46","guid":{"rendered":"https:\/\/eu.haitianprecision.com\/produkte\/fuenf-achsen-bearbeitungszentrum\/bfii-dfii-serie\/bf3060ii\/"},"modified":"2025-02-07T07:37:08","modified_gmt":"2025-02-07T06:37:08","slug":"bf3060ii","status":"publish","type":"page","link":"https:\/\/eu.haitianprecision.com\/de\/produkte\/fuenf-achsen-bearbeitungszentrum\/bfii-dfii-serie\/bf3060ii\/","title":{"rendered":"BF3060II"},"content":{"rendered":"<p>[et_pb_section fb_built=&#8220;1&#8243; fullwidth=&#8220;on&#8220; module_class=&#8220;teaser-product&#8220; _builder_version=&#8220;4.23.1&#8243; _module_preset=&#8220;default&#8220; locked=&#8220;off&#8220; global_colors_info=&#8220;{}&#8220;][et_pb_fullwidth_header title=&#8220;BF3060II&#8220; subhead=&#8220;F\u00fcnf-Achsen-Bearbeitungszentrum&#8220; text_orientation=&#8220;center&#8220; header_fullscreen=&#8220;on&#8220; logo_image_url=&#8220;https:\/\/eu.haitianprecision.com\/wp-content\/uploads\/sites\/5\/2024\/12\/f-Vignette-50px-1.png&#8220; header_image_url=&#8220;https:\/\/eu.haitianprecision.com\/wp-content\/uploads\/sites\/5\/2025\/01\/teaser_df_3000x2000px-1.png&#8220; image_orientation=&#8220;bottom&#8220; _builder_version=&#8220;4.27.4&#8243; _module_preset=&#8220;default&#8220; background_enable_color=&#8220;off&#8220; background_layout=&#8220;light&#8220; global_colors_info=&#8220;{}&#8220;][\/et_pb_fullwidth_header][\/et_pb_section][et_pb_section fb_built=&#8220;1&#8243; module_class=&#8220;noPadding-top&#8220; _builder_version=&#8220;4.25.1&#8243; _module_preset=&#8220;default&#8220; global_colors_info=&#8220;{}&#8220;][et_pb_row module_class=&#8220;row-text-center&#8220; _builder_version=&#8220;4.25.1&#8243; _module_preset=&#8220;default&#8220; locked=&#8220;off&#8220; global_colors_info=&#8220;{}&#8220;][et_pb_column type=&#8220;4_4&#8243; _builder_version=&#8220;4.22.2&#8243; _module_preset=&#8220;default&#8220; global_colors_info=&#8220;{}&#8220;][et_pb_text module_class=&#8220;content-center&#8220; _builder_version=&#8220;4.27.0&#8243; _module_preset=&#8220;default&#8220; global_colors_info=&#8220;{}&#8220;]<\/p>\n<h5>Das BF3060II F\u00fcnf-Achsen-Hochgeschwindigkeits-Fr\u00e4szentrum bietet gro\u00dfe Verfahrwege und beeindruckende Vielseitigkeit. Ausgestattet mit einem KESSLER Schwenkkopf, der bis zu 24.000 U\/min erreicht, erm\u00f6glicht es eine hochpr\u00e4zise Bearbeitung komplexer Oberfl\u00e4chen. Es findet breite Anwendung in der Oberfl\u00e4chenbearbeitung gro\u00dfer Flugzeugbauteile, der Bearbeitung d\u00fcnnwandiger Aluminiumlegierungen f\u00fcr die Luftfahrt- und Hochgeschwindigkeitsbahnindustrie sowie der Fertigung von tiefkavit\u00e4tigen Formen, mittleren und gro\u00dfen Automobilabdeckungen und weiteren anspruchsvollen Anwendungen. <\/h5>\n<p>[\/et_pb_text][\/et_pb_column][\/et_pb_row][et_pb_row column_structure=&#8220;1_6,1_6,1_6,1_6,1_6,1_6&#8243; module_class=&#8220;product-icons&#8220; _builder_version=&#8220;4.27.4&#8243; _module_preset=&#8220;default&#8220; global_colors_info=&#8220;{}&#8220;][et_pb_column type=&#8220;1_6&#8243; _builder_version=&#8220;4.23.1&#8243; _module_preset=&#8220;default&#8220; global_colors_info=&#8220;{}&#8220;][et_pb_blurb title=&#8220;Arbeitsbereich X\/Y\/Z&#8220; image=&#8220;https:\/\/eu.haitianprecision.com\/wp-content\/uploads\/sites\/5\/2024\/11\/Work-range.png&#8220; _builder_version=&#8220;4.27.4&#8243; _module_preset=&#8220;default&#8220; header_level=&#8220;h6&#8243; global_colors_info=&#8220;{}&#8220;]<\/p>\n<p>6000\/3200\/1000 mm<\/p>\n<p>[\/et_pb_blurb][\/et_pb_column][et_pb_column type=&#8220;1_6&#8243; _builder_version=&#8220;4.23.1&#8243; _module_preset=&#8220;default&#8220; global_colors_info=&#8220;{}&#8220;][et_pb_blurb title=&#8220;Arbeitsbereich A\/C&#8220; image=&#8220;https:\/\/eu.haitianprecision.com\/wp-content\/uploads\/sites\/5\/2025\/01\/CNC_Icons_Schwenkkopf2-3.svg&#8220; _builder_version=&#8220;4.27.4&#8243; _module_preset=&#8220;default&#8220; header_level=&#8220;h6&#8243; locked=&#8220;off&#8220; global_colors_info=&#8220;{}&#8220;]<\/p>\n<p><span>A\u00b1105\u00b0 \/ C\u00b1200\u00b0<\/span><\/p>\n<p>[\/et_pb_blurb][\/et_pb_column][et_pb_column type=&#8220;1_6&#8243; _builder_version=&#8220;4.23.1&#8243; _module_preset=&#8220;default&#8220; global_colors_info=&#8220;{}&#8220;][et_pb_blurb title=&#8220;Eilganggeschwindigkeit X\/Y\/Z&#8220; image=&#8220;https:\/\/eu.haitianprecision.com\/wp-content\/uploads\/sites\/5\/2024\/11\/Rapid-traverse-speed.png&#8220; image_icon_width=&#8220;175%&#8220; _builder_version=&#8220;4.27.0&#8243; _module_preset=&#8220;default&#8220; header_level=&#8220;h6&#8243; global_colors_info=&#8220;{}&#8220;]<\/p>\n<p>30\/30\/30 m\/min<\/p>\n<p>[\/et_pb_blurb][\/et_pb_column][et_pb_column type=&#8220;1_6&#8243; _builder_version=&#8220;4.23.1&#8243; _module_preset=&#8220;default&#8220; global_colors_info=&#8220;{}&#8220;][et_pb_blurb title=&#8220;Spindeldrehzahl&#8220; image=&#8220;https:\/\/eu.haitianprecision.com\/wp-content\/uploads\/sites\/5\/2024\/11\/Spindle-speed.png&#8220; _builder_version=&#8220;4.27.0&#8243; _module_preset=&#8220;default&#8220; header_level=&#8220;h6&#8243; global_colors_info=&#8220;{}&#8220;]<\/p>\n<p>24000 U\/min<\/p>\n<p>[\/et_pb_blurb][\/et_pb_column][et_pb_column type=&#8220;1_6&#8243; _builder_version=&#8220;4.23.1&#8243; _module_preset=&#8220;default&#8220; global_colors_info=&#8220;{}&#8220;][et_pb_blurb title=&#8220;Spindelleistung&#8220; image=&#8220;https:\/\/eu.haitianprecision.com\/wp-content\/uploads\/sites\/5\/2024\/11\/Spindle-power.png&#8220; _builder_version=&#8220;4.27.0&#8243; _module_preset=&#8220;default&#8220; header_level=&#8220;h6&#8243; global_colors_info=&#8220;{}&#8220;]<\/p>\n<p>43\/52 kW<\/p>\n<p>[\/et_pb_blurb][\/et_pb_column][et_pb_column type=&#8220;1_6&#8243; _builder_version=&#8220;4.23.1&#8243; _module_preset=&#8220;default&#8220; global_colors_info=&#8220;{}&#8220;][et_pb_blurb title=&#8220;Spindeldrehmoment&#8220; image=&#8220;https:\/\/eu.haitianprecision.com\/wp-content\/uploads\/sites\/5\/2024\/11\/Spindle-torque.png&#8220; _builder_version=&#8220;4.27.4&#8243; _module_preset=&#8220;default&#8220; header_level=&#8220;h6&#8243; global_colors_info=&#8220;{}&#8220;]<\/p>\n<p>67\/52 Nm<\/p>\n<p>[\/et_pb_blurb][\/et_pb_column][\/et_pb_row][\/et_pb_section][et_pb_section fb_built=&#8220;1&#8243; admin_label=&#8220;Highlight Slider&#8220; module_class=&#8220;section-slider-image-text&#8220; _builder_version=&#8220;4.27.0&#8243; _module_preset=&#8220;default&#8220; custom_padding=&#8220;23px|||||&#8220; collapsed=&#8220;off&#8220; global_colors_info=&#8220;{}&#8220;][et_pb_row _builder_version=&#8220;4.25.1&#8243; _module_preset=&#8220;default&#8220; global_colors_info=&#8220;{}&#8220;][et_pb_column type=&#8220;4_4&#8243; _builder_version=&#8220;4.25.1&#8243; _module_preset=&#8220;default&#8220; global_colors_info=&#8220;{}&#8220;][et_pb_image src=&#8220;https:\/\/eu.haitianprecision.com\/wp-content\/uploads\/sites\/5\/2024\/12\/f-Vignette-50px-1.png&#8220; title_text=&#8220;F Vignette 50px 1&#8243; align=&#8220;center&#8220; _builder_version=&#8220;4.27.4&#8243; _module_preset=&#8220;default&#8220; custom_margin=&#8220;||3px|||&#8220; global_colors_info=&#8220;{}&#8220;][\/et_pb_image][et_pb_text _builder_version=&#8220;4.25.1&#8243; _module_preset=&#8220;default&#8220; global_colors_info=&#8220;{}&#8220;]<\/p>\n<h3 style=\"text-align: center\">Hauptmerkmale<\/h3>\n<p>[\/et_pb_text][\/et_pb_column][\/et_pb_row][et_pb_row _builder_version=&#8220;4.23.1&#8243; _module_preset=&#8220;default&#8220; global_colors_info=&#8220;{}&#8220;][et_pb_column type=&#8220;4_4&#8243; _builder_version=&#8220;4.23.1&#8243; _module_preset=&#8220;default&#8220; global_colors_info=&#8220;{}&#8220;][et_pb_slider show_image_video_mobile=&#8220;on&#8220; _builder_version=&#8220;4.27.4&#8243; _module_preset=&#8220;default&#8220; global_colors_info=&#8220;{}&#8220;][et_pb_slide heading=&#8220;Kessler F\u00fcnf-Achsen-Kopf&#8220; image=&#8220;https:\/\/eu.haitianprecision.com\/wp-content\/uploads\/sites\/5\/2025\/01\/Aerospace-and-Rail-Transit-Industry_2-1.jpg&#8220; use_bg_overlay=&#8220;off&#8220; use_text_overlay=&#8220;off&#8220; _builder_version=&#8220;4.27.4&#8243; _module_preset=&#8220;default&#8220; header_level=&#8220;h4&#8243; background_enable_color=&#8220;off&#8220; background_enable_image=&#8220;off&#8220; background_layout=&#8220;light&#8220; global_colors_info=&#8220;{}&#8220; sticky_transition=&#8220;on&#8220;]<\/p>\n<p>Der deutsche KESSLER 5-Achsen-Fr\u00e4skopf mit HSK-A63 Werkzeugaufnahme bietet eine hohe Geschwindigkeit und einen gro\u00dfen konstanten Leistungsbereich. Er ist ideal f\u00fcr die Endbearbeitung von Werkzeugen mit hoher H\u00e4rte und erm\u00f6glicht eine hervorragende Oberfl\u00e4chenqualit\u00e4t durch Fr\u00e4sen anstelle von Schleifen. <\/p>\n<p>[\/et_pb_slide][\/et_pb_slider][\/et_pb_column][\/et_pb_row][\/et_pb_section][et_pb_section fb_built=&#8220;1&#8243; admin_label=&#8220;Video &#8211; Gallery Light&#8220; module_class=&#8220;section-video-gallery&#8220; _builder_version=&#8220;4.23.1&#8243; _module_preset=&#8220;default&#8220; collapsed=&#8220;off&#8220; global_colors_info=&#8220;{}&#8220;][et_pb_row _builder_version=&#8220;4.23.1&#8243; _module_preset=&#8220;default&#8220; global_colors_info=&#8220;{}&#8220;][et_pb_column type=&#8220;4_4&#8243; _builder_version=&#8220;4.23.1&#8243; _module_preset=&#8220;default&#8220; global_colors_info=&#8220;{}&#8220;][dvg_divi_video_gallery layout=&#8220;dvg-playlist-layout&#8220; _builder_version=&#8220;4.27.4&#8243; _module_preset=&#8220;default&#8220; hover_enabled=&#8220;0&#8243; global_colors_info=&#8220;{}&#8220; sticky_enabled=&#8220;0&#8243;][dvg_divi_video_gallery_item title=&#8220;Haitian Precision&#8220; subtitle=&#8220;<\/p>\n<p><span>BF2040II<\/span><\/p>\n<p>&#8220; src=&#8220;https:\/\/youtu.be\/EInXFbYqErU&#8220; image_src=&#8220;\/\/i.ytimg.com\/vi\/EInXFbYqErU\/hqdefault.jpg&#8220; _builder_version=&#8220;4.27.4&#8243; _module_preset=&#8220;default&#8220; hover_enabled=&#8220;0&#8243; global_colors_info=&#8220;{}&#8220; sticky_enabled=&#8220;0&#8243;][\/dvg_divi_video_gallery_item][dvg_divi_video_gallery_item title=&#8220;Haitian Precision&#8220; subtitle=&#8220;<\/p>\n<p><span>BF double crossrail<\/span><\/p>\n<p>&#8220; src=&#8220;https:\/\/youtu.be\/30f-D8R7tJE&#8220; image_src=&#8220;\/\/i.ytimg.com\/vi\/30f-D8R7tJE\/hqdefault.jpg&#8220; src_last_edited=&#8220;off|tablet&#8220; _builder_version=&#8220;4.27.4&#8243; _module_preset=&#8220;default&#8220; hover_enabled=&#8220;0&#8243; global_colors_info=&#8220;{}&#8220; sticky_enabled=&#8220;0&#8243;][\/dvg_divi_video_gallery_item][dvg_divi_video_gallery_item title=&#8220;Haitian Germany&#8220; subtitle=&#8220;<\/p>\n<p><span>Open House 2023<\/span><\/p>\n<p>&#8220; src=&#8220;https:\/\/www.youtube.com\/watch?v=7rFpO8_ySEY&#8220; image_src=&#8220;\/\/i.ytimg.com\/vi\/7rFpO8_ySEY\/hqdefault.jpg&#8220; _builder_version=&#8220;4.23.1&#8243; _module_preset=&#8220;default&#8220; global_colors_info=&#8220;{}&#8220;][\/dvg_divi_video_gallery_item][\/dvg_divi_video_gallery][et_pb_code _builder_version=&#8220;4.27.2&#8243; _module_preset=&#8220;default&#8220; global_colors_info=&#8220;{}&#8220;] <div class=\"brlbs-cmpnt-container brlbs-cmpnt-content-blocker brlbs-cmpnt-with-individual-styles\" data-borlabs-cookie-content-blocker-id=\"youtube-content-blocker\" data-borlabs-cookie-content=\"PGRpdiBjbGFzcz0iYnJsYnMtY21wbnQtY2ItZmx1aWQtd2lkdGgtdmlkZW8td3JhcHBlci15b3V0dWJlIj48L2Rpdj4=\"><div class=\"brlbs-cmpnt-cb-preset-c brlbs-cmpnt-cb-youtube\"> <div class=\"brlbs-cmpnt-cb-thumbnail\" style=\"background-image: url('https:\/\/eu.haitianprecision.com\/wp-content\/uploads\/borlabs-cookie\/5\/brlbs-cb-youtube-main.png')\"><\/div> <div class=\"brlbs-cmpnt-cb-main\"> <div class=\"brlbs-cmpnt-cb-play-button\"><\/div> <div class=\"brlbs-cmpnt-cb-content\"> <p class=\"brlbs-cmpnt-cb-description\">Sie sehen gerade einen Platzhalterinhalt von <strong>YouTube<\/strong>. Um auf den eigentlichen Inhalt zuzugreifen, klicken Sie auf die Schaltfl\u00e4che unten. Bitte beachten Sie, dass dabei Daten an Drittanbieter weitergegeben werden.<\/p> <a class=\"brlbs-cmpnt-cb-provider-toggle\" href=\"#\" data-borlabs-cookie-show-provider-information role=\"button\">Mehr Informationen<\/a> <\/div> <div class=\"brlbs-cmpnt-cb-buttons\"> <a class=\"brlbs-cmpnt-cb-btn\" href=\"#\" data-borlabs-cookie-unblock role=\"button\">Inhalt entsperren<\/a> <a class=\"brlbs-cmpnt-cb-btn\" href=\"#\" data-borlabs-cookie-accept-service role=\"button\" style=\"display: inherit\">Erforderlichen Service akzeptieren und Inhalte entsperren<\/a> <\/div> <\/div> <\/div><\/div>[\/et_pb_code][\/et_pb_column][\/et_pb_row][\/et_pb_section][et_pb_section fb_built=&#8220;1&#8243; module_class=&#8220;section-contactRegion-text noPadding-top&#8220; _builder_version=&#8220;4.27.0&#8243; _module_preset=&#8220;default&#8220; global_colors_info=&#8220;{}&#8220;][et_pb_row column_structure=&#8220;1_2,1_2&#8243; make_equal=&#8220;on&#8220; module_class=&#8220;light&#8220; _builder_version=&#8220;4.25.2&#8243; _module_preset=&#8220;default&#8220; global_colors_info=&#8220;{}&#8220;][et_pb_column type=&#8220;1_2&#8243; _builder_version=&#8220;4.25.2&#8243; _module_preset=&#8220;default&#8220; global_colors_info=&#8220;{}&#8220;][et_pb_text _builder_version=&#8220;4.23.1&#8243; _module_preset=&#8220;default&#8220; text_text_color=&#8220;#000000&#8243; header_text_color=&#8220;#000000&#8243; header_3_text_color=&#8220;#000000&#8243; global_colors_info=&#8220;{}&#8220;]<\/p>\n<h3>Ansprechpartner<\/h3>\n<p>[\/et_pb_text][et_pb_text _builder_version=&#8220;4.23.1&#8243; _module_preset=&#8220;default&#8220; global_colors_info=&#8220;{}&#8220;]<\/p>\n<p><span>Egal in welcher Region Sie sich befinden \u2013 unsere regionalen Vertriebs- &amp; Servicepartner stehen Ihnen f\u00fcr alle Fragen zur Verf\u00fcgung. <\/span><\/p>\n<p>[\/et_pb_text][\/et_pb_column][et_pb_column type=&#8220;1_2&#8243; _builder_version=&#8220;4.25.2&#8243; _module_preset=&#8220;default&#8220; global_colors_info=&#8220;{}&#8220;][et_pb_button button_url=&#8220;https:\/\/eu.haitianprecision.com\/de\/kontakt\/&#8220; url_new_window=&#8220;on&#8220; button_text=&#8220;zum Kontakt&#8220; button_alignment=&#8220;center&#8220; _builder_version=&#8220;4.27.0&#8243; _module_preset=&#8220;default&#8220; background_layout=&#8220;dark&#8220; global_colors_info=&#8220;{}&#8220;][\/et_pb_button][\/et_pb_column][\/et_pb_row][\/et_pb_section]<\/p>\n","protected":false},"excerpt":{"rendered":"<p>Das BF3060II F\u00fcnf-Achsen-Hochgeschwindigkeits-Fr\u00e4szentrum bietet gro\u00dfe Verfahrwege und beeindruckende Vielseitigkeit. Ausgestattet mit einem KESSLER Schwenkkopf, der bis zu 24.000 U\/min erreicht, erm\u00f6glicht es eine hochpr\u00e4zise Bearbeitung komplexer Oberfl\u00e4chen. Es findet breite Anwendung in der Oberfl\u00e4chenbearbeitung gro\u00dfer Flugzeugbauteile, der Bearbeitung d\u00fcnnwandiger Aluminiumlegierungen f\u00fcr die Luftfahrt- und Hochgeschwindigkeitsbahnindustrie sowie der Fertigung von tiefkavit\u00e4tigen Formen, mittleren und gro\u00dfen Automobilabdeckungen [&hellip;]<\/p>\n","protected":false},"author":22,"featured_media":0,"parent":4664,"menu_order":0,"comment_status":"closed","ping_status":"closed","template":"custom-template-menu-dark.php","meta":{"_et_pb_use_builder":"on","_et_pb_old_content":"","_et_gb_content_width":"","footnotes":""},"class_list":["post-4674","page","type-page","status-publish","hentry"],"yoast_head":"<!-- This site is optimized with the Yoast SEO plugin v27.2 - https:\/\/yoast.com\/product\/yoast-seo-wordpress\/ -->\n<title>BF3060II - Haitian Precision<\/title>\n<meta name=\"robots\" content=\"index, follow, max-snippet:-1, max-image-preview:large, max-video-preview:-1\" \/>\n<link rel=\"canonical\" href=\"https:\/\/eu.haitianprecision.com\/de\/produkte\/fuenf-achsen-bearbeitungszentrum\/bfii-dfii-serie\/bf3060ii\/\" \/>\n<meta property=\"og:locale\" content=\"de_DE\" \/>\n<meta property=\"og:type\" content=\"article\" \/>\n<meta property=\"og:title\" content=\"BF3060II - Haitian Precision\" \/>\n<meta property=\"og:description\" content=\"Das BF3060II F\u00fcnf-Achsen-Hochgeschwindigkeits-Fr\u00e4szentrum bietet gro\u00dfe Verfahrwege und beeindruckende Vielseitigkeit. Ausgestattet mit einem KESSLER Schwenkkopf, der bis zu 24.000 U\/min erreicht, erm\u00f6glicht es eine hochpr\u00e4zise Bearbeitung komplexer Oberfl\u00e4chen. Es findet breite Anwendung in der Oberfl\u00e4chenbearbeitung gro\u00dfer Flugzeugbauteile, der Bearbeitung d\u00fcnnwandiger Aluminiumlegierungen f\u00fcr die Luftfahrt- und Hochgeschwindigkeitsbahnindustrie sowie der Fertigung von tiefkavit\u00e4tigen Formen, mittleren und gro\u00dfen Automobilabdeckungen [&hellip;]\" \/>\n<meta property=\"og:url\" content=\"https:\/\/eu.haitianprecision.com\/de\/produkte\/fuenf-achsen-bearbeitungszentrum\/bfii-dfii-serie\/bf3060ii\/\" \/>\n<meta property=\"og:site_name\" content=\"Haitian Precision\" \/>\n<meta property=\"article:modified_time\" content=\"2025-02-07T06:37:08+00:00\" \/>\n<meta name=\"twitter:card\" content=\"summary_large_image\" \/>\n<meta name=\"twitter:label1\" content=\"Gesch\u00e4tzte Lesezeit\" \/>\n\t<meta name=\"twitter:data1\" content=\"6\u00a0Minuten\" \/>\n<script type=\"application\/ld+json\" class=\"yoast-schema-graph\">{\"@context\":\"https:\/\/schema.org\",\"@graph\":[{\"@type\":\"WebPage\",\"@id\":\"https:\/\/eu.haitianprecision.com\/de\/produkte\/fuenf-achsen-bearbeitungszentrum\/bfii-dfii-serie\/bf3060ii\/\",\"url\":\"https:\/\/eu.haitianprecision.com\/de\/produkte\/fuenf-achsen-bearbeitungszentrum\/bfii-dfii-serie\/bf3060ii\/\",\"name\":\"BF3060II - Haitian Precision\",\"isPartOf\":{\"@id\":\"https:\/\/eu.haitianprecision.com\/de\/#website\"},\"datePublished\":\"2024-12-10T08:12:46+00:00\",\"dateModified\":\"2025-02-07T06:37:08+00:00\",\"breadcrumb\":{\"@id\":\"https:\/\/eu.haitianprecision.com\/de\/produkte\/fuenf-achsen-bearbeitungszentrum\/bfii-dfii-serie\/bf3060ii\/#breadcrumb\"},\"inLanguage\":\"de\",\"potentialAction\":[{\"@type\":\"ReadAction\",\"target\":[\"https:\/\/eu.haitianprecision.com\/de\/produkte\/fuenf-achsen-bearbeitungszentrum\/bfii-dfii-serie\/bf3060ii\/\"]}]},{\"@type\":\"BreadcrumbList\",\"@id\":\"https:\/\/eu.haitianprecision.com\/de\/produkte\/fuenf-achsen-bearbeitungszentrum\/bfii-dfii-serie\/bf3060ii\/#breadcrumb\",\"itemListElement\":[{\"@type\":\"ListItem\",\"position\":1,\"name\":\"Home\",\"item\":\"https:\/\/eu.haitianprecision.com\/de\/\"},{\"@type\":\"ListItem\",\"position\":2,\"name\":\"Produkte\",\"item\":\"https:\/\/eu.haitianprecision.com\/de\/products\/\"},{\"@type\":\"ListItem\",\"position\":3,\"name\":\"F\u00fcnf-Achsen-Bearbeitungszentrum\",\"item\":\"https:\/\/eu.haitianprecision.com\/de\/products\/five-axis-machining-center\/\"},{\"@type\":\"ListItem\",\"position\":4,\"name\":\"BFII\/DFII-Serie\",\"item\":\"https:\/\/eu.haitianprecision.com\/de\/products\/five-axis-machining-center\/bfii-dfii-series\/\"},{\"@type\":\"ListItem\",\"position\":5,\"name\":\"BF3060II\"}]},{\"@type\":\"WebSite\",\"@id\":\"https:\/\/eu.haitianprecision.com\/de\/#website\",\"url\":\"https:\/\/eu.haitianprecision.com\/de\/\",\"name\":\"Haitian Precision\",\"description\":\"\",\"potentialAction\":[{\"@type\":\"SearchAction\",\"target\":{\"@type\":\"EntryPoint\",\"urlTemplate\":\"https:\/\/eu.haitianprecision.com\/de\/?s={search_term_string}\"},\"query-input\":{\"@type\":\"PropertyValueSpecification\",\"valueRequired\":true,\"valueName\":\"search_term_string\"}}],\"inLanguage\":\"de\"}]}<\/script>\n<!-- \/ Yoast SEO plugin. -->","yoast_head_json":{"title":"BF3060II - Haitian Precision","robots":{"index":"index","follow":"follow","max-snippet":"max-snippet:-1","max-image-preview":"max-image-preview:large","max-video-preview":"max-video-preview:-1"},"canonical":"https:\/\/eu.haitianprecision.com\/de\/produkte\/fuenf-achsen-bearbeitungszentrum\/bfii-dfii-serie\/bf3060ii\/","og_locale":"de_DE","og_type":"article","og_title":"BF3060II - Haitian Precision","og_description":"Das BF3060II F\u00fcnf-Achsen-Hochgeschwindigkeits-Fr\u00e4szentrum bietet gro\u00dfe Verfahrwege und beeindruckende Vielseitigkeit. Ausgestattet mit einem KESSLER Schwenkkopf, der bis zu 24.000 U\/min erreicht, erm\u00f6glicht es eine hochpr\u00e4zise Bearbeitung komplexer Oberfl\u00e4chen. Es findet breite Anwendung in der Oberfl\u00e4chenbearbeitung gro\u00dfer Flugzeugbauteile, der Bearbeitung d\u00fcnnwandiger Aluminiumlegierungen f\u00fcr die Luftfahrt- und Hochgeschwindigkeitsbahnindustrie sowie der Fertigung von tiefkavit\u00e4tigen Formen, mittleren und gro\u00dfen Automobilabdeckungen [&hellip;]","og_url":"https:\/\/eu.haitianprecision.com\/de\/produkte\/fuenf-achsen-bearbeitungszentrum\/bfii-dfii-serie\/bf3060ii\/","og_site_name":"Haitian Precision","article_modified_time":"2025-02-07T06:37:08+00:00","twitter_card":"summary_large_image","twitter_misc":{"Gesch\u00e4tzte Lesezeit":"6\u00a0Minuten"},"schema":{"@context":"https:\/\/schema.org","@graph":[{"@type":"WebPage","@id":"https:\/\/eu.haitianprecision.com\/de\/produkte\/fuenf-achsen-bearbeitungszentrum\/bfii-dfii-serie\/bf3060ii\/","url":"https:\/\/eu.haitianprecision.com\/de\/produkte\/fuenf-achsen-bearbeitungszentrum\/bfii-dfii-serie\/bf3060ii\/","name":"BF3060II - Haitian Precision","isPartOf":{"@id":"https:\/\/eu.haitianprecision.com\/de\/#website"},"datePublished":"2024-12-10T08:12:46+00:00","dateModified":"2025-02-07T06:37:08+00:00","breadcrumb":{"@id":"https:\/\/eu.haitianprecision.com\/de\/produkte\/fuenf-achsen-bearbeitungszentrum\/bfii-dfii-serie\/bf3060ii\/#breadcrumb"},"inLanguage":"de","potentialAction":[{"@type":"ReadAction","target":["https:\/\/eu.haitianprecision.com\/de\/produkte\/fuenf-achsen-bearbeitungszentrum\/bfii-dfii-serie\/bf3060ii\/"]}]},{"@type":"BreadcrumbList","@id":"https:\/\/eu.haitianprecision.com\/de\/produkte\/fuenf-achsen-bearbeitungszentrum\/bfii-dfii-serie\/bf3060ii\/#breadcrumb","itemListElement":[{"@type":"ListItem","position":1,"name":"Home","item":"https:\/\/eu.haitianprecision.com\/de\/"},{"@type":"ListItem","position":2,"name":"Produkte","item":"https:\/\/eu.haitianprecision.com\/de\/products\/"},{"@type":"ListItem","position":3,"name":"F\u00fcnf-Achsen-Bearbeitungszentrum","item":"https:\/\/eu.haitianprecision.com\/de\/products\/five-axis-machining-center\/"},{"@type":"ListItem","position":4,"name":"BFII\/DFII-Serie","item":"https:\/\/eu.haitianprecision.com\/de\/products\/five-axis-machining-center\/bfii-dfii-series\/"},{"@type":"ListItem","position":5,"name":"BF3060II"}]},{"@type":"WebSite","@id":"https:\/\/eu.haitianprecision.com\/de\/#website","url":"https:\/\/eu.haitianprecision.com\/de\/","name":"Haitian Precision","description":"","potentialAction":[{"@type":"SearchAction","target":{"@type":"EntryPoint","urlTemplate":"https:\/\/eu.haitianprecision.com\/de\/?s={search_term_string}"},"query-input":{"@type":"PropertyValueSpecification","valueRequired":true,"valueName":"search_term_string"}}],"inLanguage":"de"}]}},"_links":{"self":[{"href":"https:\/\/eu.haitianprecision.com\/de\/wp-json\/wp\/v2\/pages\/4674","targetHints":{"allow":["GET"]}}],"collection":[{"href":"https:\/\/eu.haitianprecision.com\/de\/wp-json\/wp\/v2\/pages"}],"about":[{"href":"https:\/\/eu.haitianprecision.com\/de\/wp-json\/wp\/v2\/types\/page"}],"author":[{"embeddable":true,"href":"https:\/\/eu.haitianprecision.com\/de\/wp-json\/wp\/v2\/users\/22"}],"replies":[{"embeddable":true,"href":"https:\/\/eu.haitianprecision.com\/de\/wp-json\/wp\/v2\/comments?post=4674"}],"version-history":[{"count":15,"href":"https:\/\/eu.haitianprecision.com\/de\/wp-json\/wp\/v2\/pages\/4674\/revisions"}],"predecessor-version":[{"id":5547,"href":"https:\/\/eu.haitianprecision.com\/de\/wp-json\/wp\/v2\/pages\/4674\/revisions\/5547"}],"up":[{"embeddable":true,"href":"https:\/\/eu.haitianprecision.com\/de\/wp-json\/wp\/v2\/pages\/4664"}],"wp:attachment":[{"href":"https:\/\/eu.haitianprecision.com\/de\/wp-json\/wp\/v2\/media?parent=4674"}],"curies":[{"name":"wp","href":"https:\/\/api.w.org\/{rel}","templated":true}]}}