{"id":4569,"date":"2024-11-29T13:20:56","date_gmt":"2024-11-29T12:20:56","guid":{"rendered":"https:\/\/eu.haitianprecision.com\/produkte\/horizontales-bearbeitungszentrum\/serie-h-ii\/h125ii-d\/"},"modified":"2026-03-25T10:30:10","modified_gmt":"2026-03-25T09:30:10","slug":"nr12d","status":"publish","type":"page","link":"https:\/\/eu.haitianprecision.com\/de\/produkte\/horizontales-bearbeitungszentrum\/serie-h-ii\/nr12d\/","title":{"rendered":"NR12D"},"content":{"rendered":"<p>[et_pb_section fb_built=&#8220;1&#8243; fullwidth=&#8220;on&#8220; module_class=&#8220;teaser-product&#8220; _builder_version=&#8220;4.23.1&#8243; _module_preset=&#8220;default&#8220; locked=&#8220;off&#8220; global_colors_info=&#8220;{}&#8220;][et_pb_fullwidth_header title=&#8220;H125II\/D&#8220; subhead=&#8220;Horizontales Bearbeitungszentrum&#8220; text_orientation=&#8220;center&#8220; header_fullscreen=&#8220;on&#8220; logo_image_url=&#8220;https:\/\/eu.haitianprecision.com\/wp-content\/uploads\/sites\/5\/2024\/11\/H-Vignette-50px-1.png&#8220; header_image_url=&#8220;https:\/\/eu.haitianprecision.com\/wp-content\/uploads\/sites\/5\/2024\/11\/Teaser_H_Product_3000x2000px-1.jpg&#8220; image_orientation=&#8220;bottom&#8220; _builder_version=&#8220;4.27.0&#8243; _module_preset=&#8220;default&#8220; background_enable_color=&#8220;off&#8220; background_layout=&#8220;light&#8220; global_colors_info=&#8220;{}&#8220;][\/et_pb_fullwidth_header][\/et_pb_section][et_pb_section fb_built=&#8220;1&#8243; module_class=&#8220;noPadding-top&#8220; _builder_version=&#8220;4.25.1&#8243; _module_preset=&#8220;default&#8220; global_colors_info=&#8220;{}&#8220;][et_pb_row module_class=&#8220;row-text-center&#8220; _builder_version=&#8220;4.25.1&#8243; _module_preset=&#8220;default&#8220; locked=&#8220;off&#8220; global_colors_info=&#8220;{}&#8220;][et_pb_column type=&#8220;4_4&#8243; _builder_version=&#8220;4.22.2&#8243; _module_preset=&#8220;default&#8220; global_colors_info=&#8220;{}&#8220;][et_pb_text module_class=&#8220;content-center&#8220; _builder_version=&#8220;4.27.0&#8243; _module_preset=&#8220;default&#8220; global_colors_info=&#8220;{}&#8220;]<\/p>\n<h5>Die HII-HII\/D Serie verf\u00fcgt \u00fcber eine fortschrittliche T-f\u00f6rmige Bettstruktur, eine Portals\u00e4ule und ein frontal montiertes Geh\u00e4use, das f\u00fcr eine hohe Steifigkeit und eine hohe Pr\u00e4zision sorgt und sich sowohl f\u00fcr die Grob- als auch f\u00fcr die Feinbearbeitung von Pr\u00e4zisionsgeh\u00e4useteilen eignet. Geeignet f\u00fcr die Automobilindustrie, den Schienenverkehr, die Luftfahrt, Ventile, Bergbaumaschinen, Textilmaschinen, Kunststoffmaschinen, den Schiffbau und die Energieindustrie. <\/h5>\n<p>[\/et_pb_text][\/et_pb_column][\/et_pb_row][et_pb_row column_structure=&#8220;1_5,1_5,1_5,1_5,1_5&#8243; module_class=&#8220;product-icons&#8220; _builder_version=&#8220;4.23.1&#8243; _module_preset=&#8220;default&#8220; global_colors_info=&#8220;{}&#8220;][et_pb_column type=&#8220;1_5&#8243; _builder_version=&#8220;4.23.1&#8243; _module_preset=&#8220;default&#8220; global_colors_info=&#8220;{}&#8220;][et_pb_blurb title=&#8220;Arbeitsbereich X\/Y\/Z&#8220; image=&#8220;https:\/\/eu.haitianprecision.com\/wp-content\/uploads\/sites\/5\/2024\/11\/Work-range.png&#8220; _builder_version=&#8220;4.27.4&#8243; _module_preset=&#8220;default&#8220; header_level=&#8220;h6&#8243; global_colors_info=&#8220;{}&#8220;]<\/p>\n<p>2000\/1500\/1350 mm<\/p>\n<p>[\/et_pb_blurb][\/et_pb_column][et_pb_column type=&#8220;1_5&#8243; _builder_version=&#8220;4.23.1&#8243; _module_preset=&#8220;default&#8220; global_colors_info=&#8220;{}&#8220;][et_pb_blurb title=&#8220;Eilganggeschwindigkeit X\/Y\/Z&#8220; image=&#8220;https:\/\/eu.haitianprecision.com\/wp-content\/uploads\/sites\/5\/2024\/11\/Rapid-traverse-speed.png&#8220; image_icon_width=&#8220;175%&#8220; _builder_version=&#8220;4.27.4&#8243; _module_preset=&#8220;default&#8220; header_level=&#8220;h6&#8243; global_colors_info=&#8220;{}&#8220;]<\/p>\n<p>24\/20\/24 m\/min<\/p>\n<p>[\/et_pb_blurb][\/et_pb_column][et_pb_column type=&#8220;1_5&#8243; _builder_version=&#8220;4.23.1&#8243; _module_preset=&#8220;default&#8220; global_colors_info=&#8220;{}&#8220;][et_pb_blurb title=&#8220;Spindeldrehzahl&#8220; image=&#8220;https:\/\/eu.haitianprecision.com\/wp-content\/uploads\/sites\/5\/2024\/11\/Spindle-speed.png&#8220; _builder_version=&#8220;4.27.0&#8243; _module_preset=&#8220;default&#8220; header_level=&#8220;h6&#8243; global_colors_info=&#8220;{}&#8220;]<\/p>\n<p>8000 U\/min<\/p>\n<p>[\/et_pb_blurb][\/et_pb_column][et_pb_column type=&#8220;1_5&#8243; _builder_version=&#8220;4.23.1&#8243; _module_preset=&#8220;default&#8220; global_colors_info=&#8220;{}&#8220;][et_pb_blurb title=&#8220;Spindelleistung&#8220; image=&#8220;https:\/\/eu.haitianprecision.com\/wp-content\/uploads\/sites\/5\/2024\/11\/Spindle-power.png&#8220; _builder_version=&#8220;4.27.4&#8243; _module_preset=&#8220;default&#8220; header_level=&#8220;h6&#8243; global_colors_info=&#8220;{}&#8220;]<\/p>\n<p>22\/26 kW<\/p>\n<p>[\/et_pb_blurb][\/et_pb_column][et_pb_column type=&#8220;1_5&#8243; _builder_version=&#8220;4.23.1&#8243; _module_preset=&#8220;default&#8220; global_colors_info=&#8220;{}&#8220;][et_pb_blurb title=&#8220;Spindeldrehmoment&#8220; image=&#8220;https:\/\/eu.haitianprecision.com\/wp-content\/uploads\/sites\/5\/2024\/11\/Spindle-torque.png&#8220; _builder_version=&#8220;4.27.4&#8243; _module_preset=&#8220;default&#8220; header_level=&#8220;h6&#8243; global_colors_info=&#8220;{}&#8220;]<\/p>\n<p>837\/989 Nm<\/p>\n<p>[\/et_pb_blurb][\/et_pb_column][\/et_pb_row][\/et_pb_section][et_pb_section fb_built=&#8220;1&#8243; admin_label=&#8220;Highlight Slider&#8220; module_class=&#8220;section-slider-image-text&#8220; _builder_version=&#8220;4.27.0&#8243; _module_preset=&#8220;default&#8220; custom_padding=&#8220;23px|||||&#8220; collapsed=&#8220;on&#8220; global_colors_info=&#8220;{}&#8220;][et_pb_row _builder_version=&#8220;4.25.1&#8243; _module_preset=&#8220;default&#8220; global_colors_info=&#8220;{}&#8220;][et_pb_column type=&#8220;4_4&#8243; _builder_version=&#8220;4.25.1&#8243; _module_preset=&#8220;default&#8220; global_colors_info=&#8220;{}&#8220;][et_pb_image src=&#8220;https:\/\/eu.haitianprecision.com\/wp-content\/uploads\/sites\/5\/2024\/11\/H-Vignette-50px-1.png&#8220; title_text=&#8220;H Vignette 50px 1&#8243; align=&#8220;center&#8220; _builder_version=&#8220;4.27.2&#8243; _module_preset=&#8220;default&#8220; custom_margin=&#8220;||3px|||&#8220; global_colors_info=&#8220;{}&#8220;][\/et_pb_image][et_pb_text _builder_version=&#8220;4.25.1&#8243; _module_preset=&#8220;default&#8220; global_colors_info=&#8220;{}&#8220;]<\/p>\n<h3 style=\"text-align: center\">Hauptmerkmale<\/h3>\n<p>[\/et_pb_text][\/et_pb_column][\/et_pb_row][et_pb_row _builder_version=&#8220;4.23.1&#8243; _module_preset=&#8220;default&#8220; global_colors_info=&#8220;{}&#8220;][et_pb_column type=&#8220;4_4&#8243; _builder_version=&#8220;4.23.1&#8243; _module_preset=&#8220;default&#8220; global_colors_info=&#8220;{}&#8220;][et_pb_slider show_image_video_mobile=&#8220;on&#8220; _builder_version=&#8220;4.27.0&#8243; _module_preset=&#8220;default&#8220; global_colors_info=&#8220;{}&#8220;][et_pb_slide heading=&#8220;Leistungsstarker Hauptantrieb&#8220; image=&#8220;https:\/\/eu.haitianprecision.com\/wp-content\/uploads\/sites\/5\/2024\/11\/H80II_Highlight_Slider_2-1.jpg&#8220; use_bg_overlay=&#8220;off&#8220; use_text_overlay=&#8220;off&#8220; _builder_version=&#8220;4.27.0&#8243; _module_preset=&#8220;default&#8220; header_level=&#8220;h4&#8243; background_enable_color=&#8220;off&#8220; background_enable_image=&#8220;off&#8220; background_layout=&#8220;light&#8220; global_colors_info=&#8220;{}&#8220; sticky_transition=&#8220;on&#8220;]<\/p>\n<p>Der Spindelkasten verf\u00fcgt \u00fcber ein zweistufiges Getriebe f\u00fcr ein hohes Drehmoment bei niedrigen Drehzahlen und \u00fcber robuste Lager, die den hohen Anforderungen beim Schneiden gerecht werden.<\/p>\n<p>[\/et_pb_slide][et_pb_slide heading=&#8220;W-Achse Funktion&#8220; image=&#8220;https:\/\/eu.haitianprecision.com\/wp-content\/uploads\/sites\/5\/2024\/11\/H80II_Highlight_Slider-1.jpg&#8220; use_bg_overlay=&#8220;off&#8220; use_text_overlay=&#8220;off&#8220; _builder_version=&#8220;4.27.0&#8243; _module_preset=&#8220;default&#8220; header_level=&#8220;h4&#8243; background_enable_color=&#8220;off&#8220; background_enable_image=&#8220;off&#8220; background_layout=&#8220;light&#8220; global_colors_info=&#8220;{}&#8220; sticky_transition=&#8220;on&#8220;]<\/p>\n<p>535 mm Verfahrweg, W-Achse mit 130 mm Durchmesser, gef\u00fchrt durch Pr\u00e4zisionslinearschienen, angetrieben durch eine mit einem Servomotor verbundene Kugelumlaufspindel.<\/p>\n<p>[\/et_pb_slide][et_pb_slide heading=&#8220;Struktur der Y-Achsen-F\u00fchrung&#8220; image=&#8220;https:\/\/eu.haitianprecision.com\/wp-content\/uploads\/sites\/5\/2024\/11\/H80II_Highlight_Slider_4-1.png&#8220; use_bg_overlay=&#8220;off&#8220; use_text_overlay=&#8220;off&#8220; _builder_version=&#8220;4.27.0&#8243; _module_preset=&#8220;default&#8220; header_level=&#8220;h4&#8243; background_enable_color=&#8220;off&#8220; background_enable_image=&#8220;off&#8220; background_layout=&#8220;light&#8220; global_colors_info=&#8220;{}&#8220; sticky_transition=&#8220;on&#8220;]<\/p>\n<p>Geh\u00e4rtete, geschliffene F\u00fchrungsschienen mit gro\u00dfem Querschnitt gew\u00e4hrleisten Steifigkeit und symmetrische thermische Verformung mit sieben Kontaktfl\u00e4chen.<\/p>\n<p>[\/et_pb_slide][et_pb_slide heading=&#8220;Robotic Tool Magazin&#8220; image=&#8220;https:\/\/eu.haitianprecision.com\/wp-content\/uploads\/sites\/5\/2024\/11\/H80II_Highlight_Slider_5-1.jpg&#8220; use_bg_overlay=&#8220;off&#8220; use_text_overlay=&#8220;off&#8220; _builder_version=&#8220;4.27.0&#8243; _module_preset=&#8220;default&#8220; header_level=&#8220;h4&#8243; background_enable_color=&#8220;off&#8220; background_enable_image=&#8220;off&#8220; background_layout=&#8220;light&#8220; global_colors_info=&#8220;{}&#8220; sticky_transition=&#8220;on&#8220;]<\/p>\n<p>Ein hauseigenes Werkzeugmagazin mit einem Roboterarm, der auf japanischer Technologie basiert und eine stabile, zuverl\u00e4ssige Leistung gew\u00e4hrleistet.<\/p>\n<p>[\/et_pb_slide][et_pb_slide heading=&#8220;Verschiedene Sp\u00e4nef\u00f6rderer&#8220; image=&#8220;https:\/\/eu.haitianprecision.com\/wp-content\/uploads\/sites\/5\/2024\/11\/VMCII_Highlight_Slider_2-1.jpg&#8220; use_bg_overlay=&#8220;off&#8220; use_text_overlay=&#8220;off&#8220; _builder_version=&#8220;4.27.0&#8243; _module_preset=&#8220;default&#8220; header_level=&#8220;h4&#8243; background_enable_color=&#8220;off&#8220; background_enable_image=&#8220;off&#8220; background_layout=&#8220;light&#8220; global_colors_info=&#8220;{}&#8220; sticky_transition=&#8220;on&#8220;]<\/p>\n<p>Es stehen mehrere Spanabfuhrvarianten zur Verf\u00fcgung, die einen effizienten Betrieb gew\u00e4hrleisten und die verschiedenen Kundenanforderungen f\u00fcr unterschiedliche Materialien und Bearbeitungsprozesse erf\u00fcllen.<\/p>\n<p>[\/et_pb_slide][\/et_pb_slider][\/et_pb_column][\/et_pb_row][\/et_pb_section][et_pb_section fb_built=&#8220;1&#8243; admin_label=&#8220;Video &#8211; Gallery Light&#8220; module_class=&#8220;section-video-gallery&#8220; _builder_version=&#8220;4.23.1&#8243; _module_preset=&#8220;default&#8220; collapsed=&#8220;off&#8220; global_colors_info=&#8220;{}&#8220;][et_pb_row _builder_version=&#8220;4.23.1&#8243; _module_preset=&#8220;default&#8220; global_colors_info=&#8220;{}&#8220;][et_pb_column type=&#8220;4_4&#8243; _builder_version=&#8220;4.23.1&#8243; _module_preset=&#8220;default&#8220; global_colors_info=&#8220;{}&#8220;][dvg_divi_video_gallery layout=&#8220;dvg-playlist-layout&#8220; _builder_version=&#8220;4.27.4&#8243; _module_preset=&#8220;default&#8220; hover_enabled=&#8220;0&#8243; global_colors_info=&#8220;{}&#8220; sticky_enabled=&#8220;0&#8243;][dvg_divi_video_gallery_item title=&#8220;Haitian Precision&#8220; subtitle=&#8220;<\/p>\n<p><span>HII Series<\/span><\/p>\n<p>&#8220; src=&#8220;https:\/\/youtu.be\/9IihBK8PocY&#8220; image_src=&#8220;\/\/i.ytimg.com\/vi\/9IihBK8PocY\/hqdefault.jpg&#8220; _builder_version=&#8220;4.27.4&#8243; _module_preset=&#8220;default&#8220; hover_enabled=&#8220;0&#8243; global_colors_info=&#8220;{}&#8220; sticky_enabled=&#8220;0&#8243;][\/dvg_divi_video_gallery_item][dvg_divi_video_gallery_item title=&#8220;Haitian Precision&#8220; subtitle=&#8220;<\/p>\n<p><span>HPCII Series<\/span><\/p>\n<p>&#8220; src=&#8220;https:\/\/youtu.be\/XNSfGgYglWg&#8220; image_src=&#8220;\/\/i.ytimg.com\/vi\/XNSfGgYglWg\/hqdefault.jpg&#8220; src_last_edited=&#8220;off|tablet&#8220; _builder_version=&#8220;4.27.4&#8243; _module_preset=&#8220;default&#8220; hover_enabled=&#8220;0&#8243; global_colors_info=&#8220;{}&#8220; sticky_enabled=&#8220;0&#8243;][\/dvg_divi_video_gallery_item][dvg_divi_video_gallery_item title=&#8220;Haitian Germany&#8220; subtitle=&#8220;<\/p>\n<p><span>Open House 2023<\/span><\/p>\n<p>&#8220; src=&#8220;https:\/\/www.youtube.com\/watch?v=7rFpO8_ySEY&#8220; image_src=&#8220;\/\/i.ytimg.com\/vi\/7rFpO8_ySEY\/hqdefault.jpg&#8220; _builder_version=&#8220;4.23.1&#8243; _module_preset=&#8220;default&#8220; global_colors_info=&#8220;{}&#8220;][\/dvg_divi_video_gallery_item][\/dvg_divi_video_gallery][et_pb_code _builder_version=&#8220;4.27.2&#8243; _module_preset=&#8220;default&#8220; global_colors_info=&#8220;{}&#8220;] <div class=\"brlbs-cmpnt-container brlbs-cmpnt-content-blocker brlbs-cmpnt-with-individual-styles\" data-borlabs-cookie-content-blocker-id=\"youtube-content-blocker\" data-borlabs-cookie-content=\"PGRpdiBjbGFzcz0iYnJsYnMtY21wbnQtY2ItZmx1aWQtd2lkdGgtdmlkZW8td3JhcHBlci15b3V0dWJlIj48L2Rpdj4=\"><div class=\"brlbs-cmpnt-cb-preset-c brlbs-cmpnt-cb-youtube\"> <div class=\"brlbs-cmpnt-cb-thumbnail\" style=\"background-image: url('https:\/\/eu.haitianprecision.com\/wp-content\/uploads\/borlabs-cookie\/5\/brlbs-cb-youtube-main.png')\"><\/div> <div class=\"brlbs-cmpnt-cb-main\"> <div class=\"brlbs-cmpnt-cb-play-button\"><\/div> <div class=\"brlbs-cmpnt-cb-content\"> <p class=\"brlbs-cmpnt-cb-description\">Sie sehen gerade einen Platzhalterinhalt von <strong>YouTube<\/strong>. Um auf den eigentlichen Inhalt zuzugreifen, klicken Sie auf die Schaltfl\u00e4che unten. Bitte beachten Sie, dass dabei Daten an Drittanbieter weitergegeben werden.<\/p> <a class=\"brlbs-cmpnt-cb-provider-toggle\" href=\"#\" data-borlabs-cookie-show-provider-information role=\"button\">Mehr Informationen<\/a> <\/div> <div class=\"brlbs-cmpnt-cb-buttons\"> <a class=\"brlbs-cmpnt-cb-btn\" href=\"#\" data-borlabs-cookie-unblock role=\"button\">Inhalt entsperren<\/a> <a class=\"brlbs-cmpnt-cb-btn\" href=\"#\" data-borlabs-cookie-accept-service role=\"button\" style=\"display: inherit\">Erforderlichen Service akzeptieren und Inhalte entsperren<\/a> <\/div> <\/div> <\/div><\/div>[\/et_pb_code][\/et_pb_column][\/et_pb_row][\/et_pb_section][et_pb_section fb_built=&#8220;1&#8243; module_class=&#8220;section-contactRegion-text noPadding-top&#8220; _builder_version=&#8220;4.27.0&#8243; _module_preset=&#8220;default&#8220; global_colors_info=&#8220;{}&#8220;][et_pb_row column_structure=&#8220;1_2,1_2&#8243; make_equal=&#8220;on&#8220; module_class=&#8220;light&#8220; _builder_version=&#8220;4.25.2&#8243; _module_preset=&#8220;default&#8220; global_colors_info=&#8220;{}&#8220;][et_pb_column type=&#8220;1_2&#8243; _builder_version=&#8220;4.25.2&#8243; _module_preset=&#8220;default&#8220; global_colors_info=&#8220;{}&#8220;][et_pb_text _builder_version=&#8220;4.23.1&#8243; _module_preset=&#8220;default&#8220; text_text_color=&#8220;#000000&#8243; header_text_color=&#8220;#000000&#8243; header_3_text_color=&#8220;#000000&#8243; global_colors_info=&#8220;{}&#8220;]<\/p>\n<h3>Ansprechpartner<\/h3>\n<p>[\/et_pb_text][et_pb_text _builder_version=&#8220;4.23.1&#8243; _module_preset=&#8220;default&#8220; global_colors_info=&#8220;{}&#8220;]<\/p>\n<p><span>Egal in welcher Region Sie sich befinden \u2013 unsere regionalen Vertriebs- &amp; Servicepartner stehen Ihnen f\u00fcr alle Fragen zur Verf\u00fcgung. <\/span><\/p>\n<p>[\/et_pb_text][\/et_pb_column][et_pb_column type=&#8220;1_2&#8243; _builder_version=&#8220;4.25.2&#8243; _module_preset=&#8220;default&#8220; global_colors_info=&#8220;{}&#8220;][et_pb_button button_url=&#8220;https:\/\/eu.haitianprecision.com\/de\/kontakt\/&#8220; url_new_window=&#8220;on&#8220; button_text=&#8220;zum Kontakt&#8220; button_alignment=&#8220;center&#8220; _builder_version=&#8220;4.27.0&#8243; _module_preset=&#8220;default&#8220; background_layout=&#8220;dark&#8220; global_colors_info=&#8220;{}&#8220;][\/et_pb_button][\/et_pb_column][\/et_pb_row][\/et_pb_section]<\/p>\n","protected":false},"excerpt":{"rendered":"<p>Die HII-HII\/D Serie verf\u00fcgt \u00fcber eine fortschrittliche T-f\u00f6rmige Bettstruktur, eine Portals\u00e4ule und ein frontal montiertes Geh\u00e4use, das f\u00fcr eine hohe Steifigkeit und eine hohe Pr\u00e4zision sorgt und sich sowohl f\u00fcr die Grob- als auch f\u00fcr die Feinbearbeitung von Pr\u00e4zisionsgeh\u00e4useteilen eignet. Geeignet f\u00fcr die Automobilindustrie, den Schienenverkehr, die Luftfahrt, Ventile, Bergbaumaschinen, Textilmaschinen, Kunststoffmaschinen, den Schiffbau und [&hellip;]<\/p>\n","protected":false},"author":22,"featured_media":0,"parent":4541,"menu_order":0,"comment_status":"closed","ping_status":"closed","template":"custom-template-menu-dark.php","meta":{"_et_pb_use_builder":"on","_et_pb_old_content":"","_et_gb_content_width":"","footnotes":""},"class_list":["post-4569","page","type-page","status-publish","hentry"],"yoast_head":"<!-- This site is optimized with the Yoast SEO plugin v27.2 - https:\/\/yoast.com\/product\/yoast-seo-wordpress\/ -->\n<title>NR12D - Haitian Precision<\/title>\n<meta name=\"robots\" content=\"index, follow, max-snippet:-1, max-image-preview:large, max-video-preview:-1\" \/>\n<link rel=\"canonical\" href=\"https:\/\/eu.haitianprecision.com\/de\/produkte\/horizontales-bearbeitungszentrum\/serie-h-ii\/nr12d\/\" \/>\n<meta property=\"og:locale\" content=\"de_DE\" \/>\n<meta property=\"og:type\" content=\"article\" \/>\n<meta property=\"og:title\" content=\"NR12D - Haitian Precision\" \/>\n<meta property=\"og:description\" content=\"Die HII-HII\/D Serie verf\u00fcgt \u00fcber eine fortschrittliche T-f\u00f6rmige Bettstruktur, eine Portals\u00e4ule und ein frontal montiertes Geh\u00e4use, das f\u00fcr eine hohe Steifigkeit und eine hohe Pr\u00e4zision sorgt und sich sowohl f\u00fcr die Grob- als auch f\u00fcr die Feinbearbeitung von Pr\u00e4zisionsgeh\u00e4useteilen eignet. Geeignet f\u00fcr die Automobilindustrie, den Schienenverkehr, die Luftfahrt, Ventile, Bergbaumaschinen, Textilmaschinen, Kunststoffmaschinen, den Schiffbau und [&hellip;]\" \/>\n<meta property=\"og:url\" content=\"https:\/\/eu.haitianprecision.com\/de\/produkte\/horizontales-bearbeitungszentrum\/serie-h-ii\/nr12d\/\" \/>\n<meta property=\"og:site_name\" content=\"Haitian Precision\" \/>\n<meta property=\"article:modified_time\" content=\"2026-03-25T09:30:10+00:00\" \/>\n<meta name=\"twitter:card\" content=\"summary_large_image\" \/>\n<meta name=\"twitter:label1\" content=\"Gesch\u00e4tzte Lesezeit\" \/>\n\t<meta name=\"twitter:data1\" content=\"7\u00a0Minuten\" \/>\n<script type=\"application\/ld+json\" class=\"yoast-schema-graph\">{\"@context\":\"https:\/\/schema.org\",\"@graph\":[{\"@type\":\"WebPage\",\"@id\":\"https:\/\/eu.haitianprecision.com\/de\/produkte\/horizontales-bearbeitungszentrum\/serie-h-ii\/nr12d\/\",\"url\":\"https:\/\/eu.haitianprecision.com\/de\/produkte\/horizontales-bearbeitungszentrum\/serie-h-ii\/nr12d\/\",\"name\":\"NR12D - Haitian Precision\",\"isPartOf\":{\"@id\":\"https:\/\/eu.haitianprecision.com\/de\/#website\"},\"datePublished\":\"2024-11-29T12:20:56+00:00\",\"dateModified\":\"2026-03-25T09:30:10+00:00\",\"breadcrumb\":{\"@id\":\"https:\/\/eu.haitianprecision.com\/de\/produkte\/horizontales-bearbeitungszentrum\/serie-h-ii\/nr12d\/#breadcrumb\"},\"inLanguage\":\"de\",\"potentialAction\":[{\"@type\":\"ReadAction\",\"target\":[\"https:\/\/eu.haitianprecision.com\/de\/produkte\/horizontales-bearbeitungszentrum\/serie-h-ii\/nr12d\/\"]}]},{\"@type\":\"BreadcrumbList\",\"@id\":\"https:\/\/eu.haitianprecision.com\/de\/produkte\/horizontales-bearbeitungszentrum\/serie-h-ii\/nr12d\/#breadcrumb\",\"itemListElement\":[{\"@type\":\"ListItem\",\"position\":1,\"name\":\"Home\",\"item\":\"https:\/\/eu.haitianprecision.com\/de\/\"},{\"@type\":\"ListItem\",\"position\":2,\"name\":\"Produkte\",\"item\":\"https:\/\/eu.haitianprecision.com\/de\/products\/\"},{\"@type\":\"ListItem\",\"position\":3,\"name\":\"Horizontales Bearbeitungszentrum\",\"item\":\"https:\/\/eu.haitianprecision.com\/de\/products\/horizontal-machining-center\/\"},{\"@type\":\"ListItem\",\"position\":4,\"name\":\"Serie H II\",\"item\":\"https:\/\/eu.haitianprecision.com\/de\/products\/horizontal-machining-center\/h-ii-series\/\"},{\"@type\":\"ListItem\",\"position\":5,\"name\":\"NR12D\"}]},{\"@type\":\"WebSite\",\"@id\":\"https:\/\/eu.haitianprecision.com\/de\/#website\",\"url\":\"https:\/\/eu.haitianprecision.com\/de\/\",\"name\":\"Haitian Precision\",\"description\":\"\",\"potentialAction\":[{\"@type\":\"SearchAction\",\"target\":{\"@type\":\"EntryPoint\",\"urlTemplate\":\"https:\/\/eu.haitianprecision.com\/de\/?s={search_term_string}\"},\"query-input\":{\"@type\":\"PropertyValueSpecification\",\"valueRequired\":true,\"valueName\":\"search_term_string\"}}],\"inLanguage\":\"de\"}]}<\/script>\n<!-- \/ Yoast SEO plugin. -->","yoast_head_json":{"title":"NR12D - Haitian Precision","robots":{"index":"index","follow":"follow","max-snippet":"max-snippet:-1","max-image-preview":"max-image-preview:large","max-video-preview":"max-video-preview:-1"},"canonical":"https:\/\/eu.haitianprecision.com\/de\/produkte\/horizontales-bearbeitungszentrum\/serie-h-ii\/nr12d\/","og_locale":"de_DE","og_type":"article","og_title":"NR12D - Haitian Precision","og_description":"Die HII-HII\/D Serie verf\u00fcgt \u00fcber eine fortschrittliche T-f\u00f6rmige Bettstruktur, eine Portals\u00e4ule und ein frontal montiertes Geh\u00e4use, das f\u00fcr eine hohe Steifigkeit und eine hohe Pr\u00e4zision sorgt und sich sowohl f\u00fcr die Grob- als auch f\u00fcr die Feinbearbeitung von Pr\u00e4zisionsgeh\u00e4useteilen eignet. Geeignet f\u00fcr die Automobilindustrie, den Schienenverkehr, die Luftfahrt, Ventile, Bergbaumaschinen, Textilmaschinen, Kunststoffmaschinen, den Schiffbau und [&hellip;]","og_url":"https:\/\/eu.haitianprecision.com\/de\/produkte\/horizontales-bearbeitungszentrum\/serie-h-ii\/nr12d\/","og_site_name":"Haitian Precision","article_modified_time":"2026-03-25T09:30:10+00:00","twitter_card":"summary_large_image","twitter_misc":{"Gesch\u00e4tzte Lesezeit":"7\u00a0Minuten"},"schema":{"@context":"https:\/\/schema.org","@graph":[{"@type":"WebPage","@id":"https:\/\/eu.haitianprecision.com\/de\/produkte\/horizontales-bearbeitungszentrum\/serie-h-ii\/nr12d\/","url":"https:\/\/eu.haitianprecision.com\/de\/produkte\/horizontales-bearbeitungszentrum\/serie-h-ii\/nr12d\/","name":"NR12D - Haitian Precision","isPartOf":{"@id":"https:\/\/eu.haitianprecision.com\/de\/#website"},"datePublished":"2024-11-29T12:20:56+00:00","dateModified":"2026-03-25T09:30:10+00:00","breadcrumb":{"@id":"https:\/\/eu.haitianprecision.com\/de\/produkte\/horizontales-bearbeitungszentrum\/serie-h-ii\/nr12d\/#breadcrumb"},"inLanguage":"de","potentialAction":[{"@type":"ReadAction","target":["https:\/\/eu.haitianprecision.com\/de\/produkte\/horizontales-bearbeitungszentrum\/serie-h-ii\/nr12d\/"]}]},{"@type":"BreadcrumbList","@id":"https:\/\/eu.haitianprecision.com\/de\/produkte\/horizontales-bearbeitungszentrum\/serie-h-ii\/nr12d\/#breadcrumb","itemListElement":[{"@type":"ListItem","position":1,"name":"Home","item":"https:\/\/eu.haitianprecision.com\/de\/"},{"@type":"ListItem","position":2,"name":"Produkte","item":"https:\/\/eu.haitianprecision.com\/de\/products\/"},{"@type":"ListItem","position":3,"name":"Horizontales Bearbeitungszentrum","item":"https:\/\/eu.haitianprecision.com\/de\/products\/horizontal-machining-center\/"},{"@type":"ListItem","position":4,"name":"Serie H II","item":"https:\/\/eu.haitianprecision.com\/de\/products\/horizontal-machining-center\/h-ii-series\/"},{"@type":"ListItem","position":5,"name":"NR12D"}]},{"@type":"WebSite","@id":"https:\/\/eu.haitianprecision.com\/de\/#website","url":"https:\/\/eu.haitianprecision.com\/de\/","name":"Haitian Precision","description":"","potentialAction":[{"@type":"SearchAction","target":{"@type":"EntryPoint","urlTemplate":"https:\/\/eu.haitianprecision.com\/de\/?s={search_term_string}"},"query-input":{"@type":"PropertyValueSpecification","valueRequired":true,"valueName":"search_term_string"}}],"inLanguage":"de"}]}},"_links":{"self":[{"href":"https:\/\/eu.haitianprecision.com\/de\/wp-json\/wp\/v2\/pages\/4569","targetHints":{"allow":["GET"]}}],"collection":[{"href":"https:\/\/eu.haitianprecision.com\/de\/wp-json\/wp\/v2\/pages"}],"about":[{"href":"https:\/\/eu.haitianprecision.com\/de\/wp-json\/wp\/v2\/types\/page"}],"author":[{"embeddable":true,"href":"https:\/\/eu.haitianprecision.com\/de\/wp-json\/wp\/v2\/users\/22"}],"replies":[{"embeddable":true,"href":"https:\/\/eu.haitianprecision.com\/de\/wp-json\/wp\/v2\/comments?post=4569"}],"version-history":[{"count":4,"href":"https:\/\/eu.haitianprecision.com\/de\/wp-json\/wp\/v2\/pages\/4569\/revisions"}],"predecessor-version":[{"id":7430,"href":"https:\/\/eu.haitianprecision.com\/de\/wp-json\/wp\/v2\/pages\/4569\/revisions\/7430"}],"up":[{"embeddable":true,"href":"https:\/\/eu.haitianprecision.com\/de\/wp-json\/wp\/v2\/pages\/4541"}],"wp:attachment":[{"href":"https:\/\/eu.haitianprecision.com\/de\/wp-json\/wp\/v2\/media?parent=4569"}],"curies":[{"name":"wp","href":"https:\/\/api.w.org\/{rel}","templated":true}]}}