{"id":4447,"date":"2025-01-13T11:59:40","date_gmt":"2025-01-13T10:59:40","guid":{"rendered":"https:\/\/eu.haitianprecision.com\/gru35ex50\/"},"modified":"2025-01-31T11:16:20","modified_gmt":"2025-01-31T10:16:20","slug":"gru35ex50","status":"publish","type":"page","link":"https:\/\/eu.haitianprecision.com\/de\/gru35ex50\/","title":{"rendered":"GRU35Ex50"},"content":{"rendered":"<p>[et_pb_section fb_built=&#8220;1&#8243; fullwidth=&#8220;on&#8220; module_class=&#8220;teaser-product&#8220; _builder_version=&#8220;4.23.1&#8243; _module_preset=&#8220;default&#8220; locked=&#8220;off&#8220; global_colors_info=&#8220;{}&#8220;][et_pb_fullwidth_header title=&#8220;GRU35Ex50&#8243; subhead=&#8220;GRUE &#8211; GKUE &#8211; GNUM &#8211; GKUM &#8211; GKUME &#8211; KMU&#8220; text_orientation=&#8220;center&#8220; header_fullscreen=&#8220;on&#8220; logo_image_url=&#8220;https:\/\/eu.haitianprecision.com\/wp-content\/uploads\/sites\/5\/2024\/11\/G-Vignette-50px-1.png&#8220; header_image_url=&#8220;https:\/\/eu.haitianprecision.com\/wp-content\/uploads\/sites\/5\/2024\/11\/Teaser_GRU_E_Product_3000x2000px-1.jpg&#8220; image_orientation=&#8220;bottom&#8220; _builder_version=&#8220;4.27.0&#8243; _module_preset=&#8220;default&#8220; background_enable_color=&#8220;off&#8220; background_layout=&#8220;light&#8220; global_colors_info=&#8220;{}&#8220;][\/et_pb_fullwidth_header][\/et_pb_section][et_pb_section fb_built=&#8220;1&#8243; module_class=&#8220;noPadding-top&#8220; _builder_version=&#8220;4.25.1&#8243; _module_preset=&#8220;default&#8220; global_colors_info=&#8220;{}&#8220;][et_pb_row module_class=&#8220;row-text-center&#8220; _builder_version=&#8220;4.25.1&#8243; _module_preset=&#8220;default&#8220; locked=&#8220;off&#8220; global_colors_info=&#8220;{}&#8220;][et_pb_column type=&#8220;4_4&#8243; _builder_version=&#8220;4.22.2&#8243; _module_preset=&#8220;default&#8220; global_colors_info=&#8220;{}&#8220;][et_pb_text module_class=&#8220;content-center&#8220; _builder_version=&#8220;4.27.0&#8243; _module_preset=&#8220;default&#8220; global_colors_info=&#8220;{}&#8220;]<\/p>\n<h5>Das Produkt \u00fcbernimmt die Eigenschaften traditioneller Gantry-Werkzeugmaschinen, wie z.B. eine hohe Steifigkeit, eine symmetrische Struktur und eine hohe Stabilit\u00e4t. Durch die Finite-Elemente-Analyse wurde die Struktur der Basiskomponenten optimiert, die dynamische Leistung des Produkts verbessert und die perfekte Kombination aus hoher Leistung, hohem Drehmoment, hoher Effizienz und hochpr\u00e4ziser Bearbeitung erreicht. Er ist f\u00fcr gro\u00dfe und schwere Verarbeitungsbereiche wie Schiffe, Metallurgie, petrochemische Industrie, Bergbaumaschinen, Strom und Energie, Kunststoffmaschinen, Maschinenbau, Maschinen f\u00fcr die Schwerindustrie usw. geeignet.  <\/h5>\n<p>[\/et_pb_text][\/et_pb_column][\/et_pb_row][et_pb_row column_structure=&#8220;1_5,1_5,1_5,1_5,1_5&#8243; disabled_on=&#8220;on|on|on&#8220; module_class=&#8220;product-icons&#8220; _builder_version=&#8220;4.23.1&#8243; _module_preset=&#8220;default&#8220; disabled=&#8220;on&#8220; global_colors_info=&#8220;{}&#8220;][et_pb_column type=&#8220;1_5&#8243; _builder_version=&#8220;4.23.1&#8243; _module_preset=&#8220;default&#8220; global_colors_info=&#8220;{}&#8220;][et_pb_blurb title=&#8220;Arbeitsbereich X\/Y\/Z&#8220; image=&#8220;https:\/\/eu.haitianprecision.com\/wp-content\/uploads\/sites\/5\/2024\/11\/Work-range.png&#8220; _builder_version=&#8220;4.27.0&#8243; _module_preset=&#8220;default&#8220; header_level=&#8220;h6&#8243; global_colors_info=&#8220;{}&#8220;]<\/p>\n<p>5500\/4600\/1000 mm<\/p>\n<p>[\/et_pb_blurb][\/et_pb_column][et_pb_column type=&#8220;1_5&#8243; _builder_version=&#8220;4.23.1&#8243; _module_preset=&#8220;default&#8220; global_colors_info=&#8220;{}&#8220;][et_pb_blurb title=&#8220;Eilganggeschwindigkeit X\/Y\/Z&#8220; image=&#8220;https:\/\/eu.haitianprecision.com\/wp-content\/uploads\/sites\/5\/2024\/11\/Rapid-traverse-speed.png&#8220; image_icon_width=&#8220;175%&#8220; _builder_version=&#8220;4.27.0&#8243; _module_preset=&#8220;default&#8220; header_level=&#8220;h6&#8243; global_colors_info=&#8220;{}&#8220;]<\/p>\n<p>10\/15\/10 m\/min<\/p>\n<p>[\/et_pb_blurb][\/et_pb_column][et_pb_column type=&#8220;1_5&#8243; _builder_version=&#8220;4.23.1&#8243; _module_preset=&#8220;default&#8220; global_colors_info=&#8220;{}&#8220;][et_pb_blurb title=&#8220;Spindeldrehzahl&#8220; image=&#8220;https:\/\/eu.haitianprecision.com\/wp-content\/uploads\/sites\/5\/2024\/11\/Spindle-speed.png&#8220; _builder_version=&#8220;4.27.0&#8243; _module_preset=&#8220;default&#8220; header_level=&#8220;h6&#8243; global_colors_info=&#8220;{}&#8220;]<\/p>\n<p>4000 U\/min<\/p>\n<p>[\/et_pb_blurb][\/et_pb_column][et_pb_column type=&#8220;1_5&#8243; _builder_version=&#8220;4.23.1&#8243; _module_preset=&#8220;default&#8220; global_colors_info=&#8220;{}&#8220;][et_pb_blurb title=&#8220;Spindelleistung&#8220; image=&#8220;https:\/\/eu.haitianprecision.com\/wp-content\/uploads\/sites\/5\/2024\/11\/Spindle-power.png&#8220; _builder_version=&#8220;4.27.0&#8243; _module_preset=&#8220;default&#8220; header_level=&#8220;h6&#8243; global_colors_info=&#8220;{}&#8220;]<\/p>\n<p>22\/26 kW<\/p>\n<p>[\/et_pb_blurb][\/et_pb_column][et_pb_column type=&#8220;1_5&#8243; _builder_version=&#8220;4.23.1&#8243; _module_preset=&#8220;default&#8220; global_colors_info=&#8220;{}&#8220;][et_pb_blurb title=&#8220;Spindeldrehmoment&#8220; image=&#8220;https:\/\/eu.haitianprecision.com\/wp-content\/uploads\/sites\/5\/2024\/11\/Spindle-torque.png&#8220; _builder_version=&#8220;4.27.0&#8243; _module_preset=&#8220;default&#8220; header_level=&#8220;h6&#8243; global_colors_info=&#8220;{}&#8220;]<\/p>\n<p>866\/1023 Nm<\/p>\n<p>[\/et_pb_blurb][\/et_pb_column][\/et_pb_row][\/et_pb_section][et_pb_section fb_built=&#8220;1&#8243; admin_label=&#8220;Highlight Slider&#8220; module_class=&#8220;section-slider-image-text&#8220; _builder_version=&#8220;4.27.0&#8243; _module_preset=&#8220;default&#8220; custom_padding=&#8220;23px|||||&#8220; collapsed=&#8220;on&#8220; global_colors_info=&#8220;{}&#8220;][et_pb_row _builder_version=&#8220;4.25.1&#8243; _module_preset=&#8220;default&#8220; global_colors_info=&#8220;{}&#8220;][et_pb_column type=&#8220;4_4&#8243; _builder_version=&#8220;4.25.1&#8243; _module_preset=&#8220;default&#8220; global_colors_info=&#8220;{}&#8220;][et_pb_image src=&#8220;https:\/\/eu.haitianprecision.com\/wp-content\/uploads\/sites\/5\/2024\/11\/G-Vignette-50px-1.png&#8220; title_text=&#8220;G Vignette 50px&#8220; align=&#8220;center&#8220; _builder_version=&#8220;4.27.0&#8243; _module_preset=&#8220;default&#8220; custom_margin=&#8220;||3px|||&#8220; global_colors_info=&#8220;{}&#8220;][\/et_pb_image][et_pb_text _builder_version=&#8220;4.25.1&#8243; _module_preset=&#8220;default&#8220; global_colors_info=&#8220;{}&#8220;]<\/p>\n<h3 style=\"text-align: center\">Hauptmerkmale<\/h3>\n<p>[\/et_pb_text][\/et_pb_column][\/et_pb_row][et_pb_row _builder_version=&#8220;4.23.1&#8243; _module_preset=&#8220;default&#8220; global_colors_info=&#8220;{}&#8220;][et_pb_column type=&#8220;4_4&#8243; _builder_version=&#8220;4.23.1&#8243; _module_preset=&#8220;default&#8220; global_colors_info=&#8220;{}&#8220;][et_pb_slider show_image_video_mobile=&#8220;on&#8220; _builder_version=&#8220;4.27.0&#8243; _module_preset=&#8220;default&#8220; global_colors_info=&#8220;{}&#8220;][et_pb_slide heading=&#8220;Hochsteife quadratische Ramme&#8220; image=&#8220;https:\/\/eu.haitianprecision.com\/wp-content\/uploads\/sites\/5\/2024\/11\/GRUE-GKUE-GNUM-GKUM-GKUME-KMU_Highlight_Slider_5-1-1.jpg&#8220; use_bg_overlay=&#8220;off&#8220; use_text_overlay=&#8220;off&#8220; _builder_version=&#8220;4.27.0&#8243; _module_preset=&#8220;default&#8220; header_level=&#8220;h4&#8243; background_enable_color=&#8220;off&#8220; background_enable_image=&#8220;off&#8220; background_layout=&#8220;light&#8220; global_colors_info=&#8220;{}&#8220; sticky_transition=&#8220;on&#8220;]<\/p>\n<p>Der quadratische St\u00f6\u00dfel verwendet vollst\u00e4ndig geschlossene, vierseitige, geh\u00e4rtete F\u00fchrungsschienen mit doppeltem hydraulischem Zylinderausgleich.<br \/>\nDas gesamte System verf\u00fcgt \u00fcber eine hohe Steifigkeit und bietet eine starke Schneidleistung und stabile Pr\u00e4zision. <\/p>\n<p>[\/et_pb_slide][et_pb_slide heading=&#8220;High-Power Spindel&#8220; image=&#8220;https:\/\/eu.haitianprecision.com\/wp-content\/uploads\/sites\/5\/2024\/11\/GRUE-GKUE-GNUM-GKUM-GKUME-KMU_Highlight_Slider_3-1-1.jpg&#8220; use_bg_overlay=&#8220;off&#8220; use_text_overlay=&#8220;off&#8220; _builder_version=&#8220;4.27.0&#8243; _module_preset=&#8220;default&#8220; header_level=&#8220;h4&#8243; background_enable_color=&#8220;off&#8220; background_enable_image=&#8220;off&#8220; background_layout=&#8220;light&#8220; global_colors_info=&#8220;{}&#8220; sticky_transition=&#8220;on&#8220;]<\/p>\n<p>Die im eigenen Haus entwickelte Spindel verf\u00fcgt \u00fcber ein Hochleistungsdesign mit eingebauten zweireihigen Zylinderrollenlagern, die eine hohe Steifigkeit und ein gro\u00dfes Ausgangsdrehmoment bieten.<\/p>\n<p>[\/et_pb_slide][et_pb_slide heading=&#8220;Getriebemechanismus mit zwei Motoren und Spielunterdr\u00fcckung&#8220; image=&#8220;https:\/\/eu.haitianprecision.com\/wp-content\/uploads\/sites\/5\/2024\/11\/GRUE-GKUE-GNUM-GKUM-GKUME-KMU_Highlight_Slider_1-1-1.jpg&#8220; use_bg_overlay=&#8220;off&#8220; use_text_overlay=&#8220;off&#8220; _builder_version=&#8220;4.27.0&#8243; _module_preset=&#8220;default&#8220; header_level=&#8220;h4&#8243; background_enable_color=&#8220;off&#8220; background_enable_image=&#8220;off&#8220; background_layout=&#8220;light&#8220; global_colors_info=&#8220;{}&#8220; sticky_transition=&#8220;on&#8220;]<\/p>\n<p>Die Fahrst\u00e4nderserie verwendet einen hochpr\u00e4zisen \u00dcbertragungsmechanismus mit zwei Motoren, der das Spiel eliminiert und die Anforderungen an koordinierte Hochgeschwindigkeits- und Pr\u00e4zisionsschnitte erf\u00fcllt.<\/p>\n<p>[\/et_pb_slide][et_pb_slide heading=&#8220;Mehrstationen-Servokopf-Magazin&#8220; image=&#8220;https:\/\/eu.haitianprecision.com\/wp-content\/uploads\/sites\/5\/2024\/11\/VMC_Highlight_Slider_1-2.jpg&#8220; use_bg_overlay=&#8220;off&#8220; use_text_overlay=&#8220;off&#8220; _builder_version=&#8220;4.27.0&#8243; _module_preset=&#8220;default&#8220; header_level=&#8220;h4&#8243; background_enable_color=&#8220;off&#8220; background_enable_image=&#8220;off&#8220; background_layout=&#8220;light&#8220; global_colors_info=&#8220;{}&#8220; sticky_transition=&#8220;on&#8220;]<\/p>\n<p>Das Magazin ben\u00f6tigt nur eine kleine Stellfl\u00e4che und kann mehrere Zubeh\u00f6rk\u00f6pfe aufnehmen. Es verwendet eine servogesteuerte Rotation f\u00fcr eine pr\u00e4zise und zuverl\u00e4ssige Positionierung. Anwendbar f\u00fcr die Serien GRUE, GKUE  <\/p>\n<p>[\/et_pb_slide][et_pb_slide heading=&#8220;V und H Servo Werkzeugmagazin&#8220; image=&#8220;https:\/\/eu.haitianprecision.com\/wp-content\/uploads\/sites\/5\/2024\/11\/GRUE-GKUE-GNUM-GKUM-GKUME-KMU_Highlight_Slider_4-1-1.jpg&#8220; use_bg_overlay=&#8220;off&#8220; use_text_overlay=&#8220;off&#8220; _builder_version=&#8220;4.27.0&#8243; _module_preset=&#8220;default&#8220; header_level=&#8220;h4&#8243; background_enable_color=&#8220;off&#8220; background_enable_image=&#8220;off&#8220; background_layout=&#8220;light&#8220; global_colors_info=&#8220;{}&#8220; sticky_transition=&#8220;on&#8220;]<\/p>\n<p>Das vertikale und horizontale Servowerkzeugmagazin sorgt f\u00fcr eine genaue Positionierung und reduziert so die Zeit f\u00fcr die Nachbearbeitung.<\/p>\n<p>[\/et_pb_slide][\/et_pb_slider][\/et_pb_column][\/et_pb_row][\/et_pb_section][et_pb_section fb_built=&#8220;1&#8243; admin_label=&#8220;Video &#8211; Gallery Light&#8220; module_class=&#8220;section-video-gallery&#8220; _builder_version=&#8220;4.23.1&#8243; _module_preset=&#8220;default&#8220; collapsed=&#8220;off&#8220; global_colors_info=&#8220;{}&#8220;][et_pb_row _builder_version=&#8220;4.23.1&#8243; _module_preset=&#8220;default&#8220; global_colors_info=&#8220;{}&#8220;][et_pb_column type=&#8220;4_4&#8243; _builder_version=&#8220;4.23.1&#8243; _module_preset=&#8220;default&#8220; global_colors_info=&#8220;{}&#8220;][dvg_divi_video_gallery layout=&#8220;dvg-playlist-layout&#8220; _builder_version=&#8220;4.27.4&#8243; _module_preset=&#8220;default&#8220; hover_enabled=&#8220;0&#8243; global_colors_info=&#8220;{}&#8220; sticky_enabled=&#8220;0&#8243;][dvg_divi_video_gallery_item title=&#8220;Haitian Precision KMU30140&#8243; subtitle=&#8220;<\/p>\n<p>Haitian Precision KMU30140<\/p>\n<p>&#8220; src=&#8220;https:\/\/youtu.be\/FTLvZqQyysk&#8220; image_src=&#8220;\/\/i.ytimg.com\/vi\/FTLvZqQyysk\/hqdefault.jpg&#8220; _builder_version=&#8220;4.27.4&#8243; _module_preset=&#8220;default&#8220; hover_enabled=&#8220;0&#8243; global_colors_info=&#8220;{}&#8220; sticky_enabled=&#8220;0&#8243;][\/dvg_divi_video_gallery_item][dvg_divi_video_gallery_item title=&#8220;Haitian Precision GRU32 processing aerospace parts&#8220; subtitle=&#8220;<\/p>\n<p>Haitian Precision GRU32 processing aerospace parts<\/p>\n<p>&#8220; src=&#8220;https:\/\/youtu.be\/iwPiHP7PCYU&#8220; image_src=&#8220;\/\/i.ytimg.com\/vi\/iwPiHP7PCYU\/hqdefault.jpg&#8220; src_last_edited=&#8220;off|tablet&#8220; _builder_version=&#8220;4.27.4&#8243; _module_preset=&#8220;default&#8220; hover_enabled=&#8220;0&#8243; global_colors_info=&#8220;{}&#8220; sticky_enabled=&#8220;0&#8243;][\/dvg_divi_video_gallery_item][dvg_divi_video_gallery_item title=&#8220;Haitian Germany&#8220; subtitle=&#8220;<\/p>\n<p><span>Open House 2023<\/span><\/p>\n<p>&#8220; src=&#8220;https:\/\/www.youtube.com\/watch?v=7rFpO8_ySEY&#8220; image_src=&#8220;\/\/i.ytimg.com\/vi\/7rFpO8_ySEY\/hqdefault.jpg&#8220; _builder_version=&#8220;4.23.1&#8243; _module_preset=&#8220;default&#8220; global_colors_info=&#8220;{}&#8220;][\/dvg_divi_video_gallery_item][\/dvg_divi_video_gallery][et_pb_code _builder_version=&#8220;4.27.2&#8243; _module_preset=&#8220;default&#8220; global_colors_info=&#8220;{}&#8220;] <div class=\"brlbs-cmpnt-container brlbs-cmpnt-content-blocker brlbs-cmpnt-with-individual-styles\" data-borlabs-cookie-content-blocker-id=\"youtube-content-blocker\" data-borlabs-cookie-content=\"PGRpdiBjbGFzcz0iYnJsYnMtY21wbnQtY2ItZmx1aWQtd2lkdGgtdmlkZW8td3JhcHBlci15b3V0dWJlIj48L2Rpdj4=\"><div class=\"brlbs-cmpnt-cb-preset-c brlbs-cmpnt-cb-youtube\"> <div class=\"brlbs-cmpnt-cb-thumbnail\" style=\"background-image: url('https:\/\/eu.haitianprecision.com\/wp-content\/uploads\/borlabs-cookie\/5\/brlbs-cb-youtube-main.png')\"><\/div> <div class=\"brlbs-cmpnt-cb-main\"> <div class=\"brlbs-cmpnt-cb-play-button\"><\/div> <div class=\"brlbs-cmpnt-cb-content\"> <p class=\"brlbs-cmpnt-cb-description\">Sie sehen gerade einen Platzhalterinhalt von <strong>YouTube<\/strong>. Um auf den eigentlichen Inhalt zuzugreifen, klicken Sie auf die Schaltfl\u00e4che unten. Bitte beachten Sie, dass dabei Daten an Drittanbieter weitergegeben werden.<\/p> <a class=\"brlbs-cmpnt-cb-provider-toggle\" href=\"#\" data-borlabs-cookie-show-provider-information role=\"button\">Mehr Informationen<\/a> <\/div> <div class=\"brlbs-cmpnt-cb-buttons\"> <a class=\"brlbs-cmpnt-cb-btn\" href=\"#\" data-borlabs-cookie-unblock role=\"button\">Inhalt entsperren<\/a> <a class=\"brlbs-cmpnt-cb-btn\" href=\"#\" data-borlabs-cookie-accept-service role=\"button\" style=\"display: inherit\">Erforderlichen Service akzeptieren und Inhalte entsperren<\/a> <\/div> <\/div> <\/div><\/div>[\/et_pb_code][\/et_pb_column][\/et_pb_row][\/et_pb_section][et_pb_section fb_built=&#8220;1&#8243; module_class=&#8220;section-contactRegion-text noPadding-top&#8220; _builder_version=&#8220;4.27.0&#8243; _module_preset=&#8220;default&#8220; global_colors_info=&#8220;{}&#8220;][et_pb_row column_structure=&#8220;1_2,1_2&#8243; make_equal=&#8220;on&#8220; module_class=&#8220;light&#8220; _builder_version=&#8220;4.25.2&#8243; _module_preset=&#8220;default&#8220; global_colors_info=&#8220;{}&#8220;][et_pb_column type=&#8220;1_2&#8243; _builder_version=&#8220;4.25.2&#8243; _module_preset=&#8220;default&#8220; global_colors_info=&#8220;{}&#8220;][et_pb_text _builder_version=&#8220;4.23.1&#8243; _module_preset=&#8220;default&#8220; text_text_color=&#8220;#000000&#8243; header_text_color=&#8220;#000000&#8243; header_3_text_color=&#8220;#000000&#8243; global_colors_info=&#8220;{}&#8220;]<\/p>\n<h3>Ansprechpartner<\/h3>\n<p>[\/et_pb_text][et_pb_text _builder_version=&#8220;4.23.1&#8243; _module_preset=&#8220;default&#8220; global_colors_info=&#8220;{}&#8220;]<\/p>\n<p><span>Egal in welcher Region Sie sich befinden \u2013 unsere regionalen Vertriebs- &amp; Servicepartner stehen Ihnen f\u00fcr alle Fragen zur Verf\u00fcgung. <\/span><\/p>\n<p>[\/et_pb_text][\/et_pb_column][et_pb_column type=&#8220;1_2&#8243; _builder_version=&#8220;4.25.2&#8243; _module_preset=&#8220;default&#8220; global_colors_info=&#8220;{}&#8220;][et_pb_button button_url=&#8220;https:\/\/eu.haitianprecision.com\/de\/kontakt\/&#8220; url_new_window=&#8220;on&#8220; button_text=&#8220;zum Kontakt&#8220; button_alignment=&#8220;center&#8220; _builder_version=&#8220;4.27.0&#8243; _module_preset=&#8220;default&#8220; background_layout=&#8220;dark&#8220; global_colors_info=&#8220;{}&#8220;][\/et_pb_button][\/et_pb_column][\/et_pb_row][\/et_pb_section]<\/p>\n","protected":false},"excerpt":{"rendered":"<p>Das Produkt \u00fcbernimmt die Eigenschaften traditioneller Gantry-Werkzeugmaschinen, wie z.B. eine hohe Steifigkeit, eine symmetrische Struktur und eine hohe Stabilit\u00e4t. Durch die Finite-Elemente-Analyse wurde die Struktur der Basiskomponenten optimiert, die dynamische Leistung des Produkts verbessert und die perfekte Kombination aus hoher Leistung, hohem Drehmoment, hoher Effizienz und hochpr\u00e4ziser Bearbeitung erreicht. Er ist f\u00fcr gro\u00dfe und schwere [&hellip;]<\/p>\n","protected":false},"author":22,"featured_media":0,"parent":0,"menu_order":0,"comment_status":"closed","ping_status":"closed","template":"custom-template-menu-dark.php","meta":{"_et_pb_use_builder":"on","_et_pb_old_content":"","_et_gb_content_width":"","footnotes":""},"class_list":["post-4447","page","type-page","status-publish","hentry"],"yoast_head":"<!-- This site is optimized with the Yoast SEO plugin v27.2 - https:\/\/yoast.com\/product\/yoast-seo-wordpress\/ -->\n<title>GRU35Ex50 - Haitian Precision<\/title>\n<meta name=\"robots\" content=\"index, follow, max-snippet:-1, max-image-preview:large, max-video-preview:-1\" \/>\n<link rel=\"canonical\" href=\"https:\/\/eu.haitianprecision.com\/de\/gru35ex50\/\" \/>\n<meta property=\"og:locale\" content=\"de_DE\" \/>\n<meta property=\"og:type\" content=\"article\" \/>\n<meta property=\"og:title\" content=\"GRU35Ex50 - Haitian Precision\" \/>\n<meta property=\"og:description\" content=\"Das Produkt \u00fcbernimmt die Eigenschaften traditioneller Gantry-Werkzeugmaschinen, wie z.B. eine hohe Steifigkeit, eine symmetrische Struktur und eine hohe Stabilit\u00e4t. Durch die Finite-Elemente-Analyse wurde die Struktur der Basiskomponenten optimiert, die dynamische Leistung des Produkts verbessert und die perfekte Kombination aus hoher Leistung, hohem Drehmoment, hoher Effizienz und hochpr\u00e4ziser Bearbeitung erreicht. Er ist f\u00fcr gro\u00dfe und schwere [&hellip;]\" \/>\n<meta property=\"og:url\" content=\"https:\/\/eu.haitianprecision.com\/de\/gru35ex50\/\" \/>\n<meta property=\"og:site_name\" content=\"Haitian Precision\" \/>\n<meta property=\"article:modified_time\" content=\"2025-01-31T10:16:20+00:00\" \/>\n<meta name=\"twitter:card\" content=\"summary_large_image\" \/>\n<meta name=\"twitter:label1\" content=\"Gesch\u00e4tzte Lesezeit\" \/>\n\t<meta name=\"twitter:data1\" content=\"8\u00a0Minuten\" \/>\n<script type=\"application\/ld+json\" class=\"yoast-schema-graph\">{\"@context\":\"https:\/\/schema.org\",\"@graph\":[{\"@type\":\"WebPage\",\"@id\":\"https:\/\/eu.haitianprecision.com\/de\/gru35ex50\/\",\"url\":\"https:\/\/eu.haitianprecision.com\/de\/gru35ex50\/\",\"name\":\"GRU35Ex50 - Haitian Precision\",\"isPartOf\":{\"@id\":\"https:\/\/eu.haitianprecision.com\/de\/#website\"},\"datePublished\":\"2025-01-13T10:59:40+00:00\",\"dateModified\":\"2025-01-31T10:16:20+00:00\",\"breadcrumb\":{\"@id\":\"https:\/\/eu.haitianprecision.com\/de\/gru35ex50\/#breadcrumb\"},\"inLanguage\":\"de\",\"potentialAction\":[{\"@type\":\"ReadAction\",\"target\":[\"https:\/\/eu.haitianprecision.com\/de\/gru35ex50\/\"]}]},{\"@type\":\"BreadcrumbList\",\"@id\":\"https:\/\/eu.haitianprecision.com\/de\/gru35ex50\/#breadcrumb\",\"itemListElement\":[{\"@type\":\"ListItem\",\"position\":1,\"name\":\"Home\",\"item\":\"https:\/\/eu.haitianprecision.com\/de\/\"},{\"@type\":\"ListItem\",\"position\":2,\"name\":\"GRU35Ex50\"}]},{\"@type\":\"WebSite\",\"@id\":\"https:\/\/eu.haitianprecision.com\/de\/#website\",\"url\":\"https:\/\/eu.haitianprecision.com\/de\/\",\"name\":\"Haitian Precision\",\"description\":\"\",\"potentialAction\":[{\"@type\":\"SearchAction\",\"target\":{\"@type\":\"EntryPoint\",\"urlTemplate\":\"https:\/\/eu.haitianprecision.com\/de\/?s={search_term_string}\"},\"query-input\":{\"@type\":\"PropertyValueSpecification\",\"valueRequired\":true,\"valueName\":\"search_term_string\"}}],\"inLanguage\":\"de\"}]}<\/script>\n<!-- \/ Yoast SEO plugin. -->","yoast_head_json":{"title":"GRU35Ex50 - Haitian Precision","robots":{"index":"index","follow":"follow","max-snippet":"max-snippet:-1","max-image-preview":"max-image-preview:large","max-video-preview":"max-video-preview:-1"},"canonical":"https:\/\/eu.haitianprecision.com\/de\/gru35ex50\/","og_locale":"de_DE","og_type":"article","og_title":"GRU35Ex50 - Haitian Precision","og_description":"Das Produkt \u00fcbernimmt die Eigenschaften traditioneller Gantry-Werkzeugmaschinen, wie z.B. eine hohe Steifigkeit, eine symmetrische Struktur und eine hohe Stabilit\u00e4t. Durch die Finite-Elemente-Analyse wurde die Struktur der Basiskomponenten optimiert, die dynamische Leistung des Produkts verbessert und die perfekte Kombination aus hoher Leistung, hohem Drehmoment, hoher Effizienz und hochpr\u00e4ziser Bearbeitung erreicht. Er ist f\u00fcr gro\u00dfe und schwere [&hellip;]","og_url":"https:\/\/eu.haitianprecision.com\/de\/gru35ex50\/","og_site_name":"Haitian Precision","article_modified_time":"2025-01-31T10:16:20+00:00","twitter_card":"summary_large_image","twitter_misc":{"Gesch\u00e4tzte Lesezeit":"8\u00a0Minuten"},"schema":{"@context":"https:\/\/schema.org","@graph":[{"@type":"WebPage","@id":"https:\/\/eu.haitianprecision.com\/de\/gru35ex50\/","url":"https:\/\/eu.haitianprecision.com\/de\/gru35ex50\/","name":"GRU35Ex50 - Haitian Precision","isPartOf":{"@id":"https:\/\/eu.haitianprecision.com\/de\/#website"},"datePublished":"2025-01-13T10:59:40+00:00","dateModified":"2025-01-31T10:16:20+00:00","breadcrumb":{"@id":"https:\/\/eu.haitianprecision.com\/de\/gru35ex50\/#breadcrumb"},"inLanguage":"de","potentialAction":[{"@type":"ReadAction","target":["https:\/\/eu.haitianprecision.com\/de\/gru35ex50\/"]}]},{"@type":"BreadcrumbList","@id":"https:\/\/eu.haitianprecision.com\/de\/gru35ex50\/#breadcrumb","itemListElement":[{"@type":"ListItem","position":1,"name":"Home","item":"https:\/\/eu.haitianprecision.com\/de\/"},{"@type":"ListItem","position":2,"name":"GRU35Ex50"}]},{"@type":"WebSite","@id":"https:\/\/eu.haitianprecision.com\/de\/#website","url":"https:\/\/eu.haitianprecision.com\/de\/","name":"Haitian Precision","description":"","potentialAction":[{"@type":"SearchAction","target":{"@type":"EntryPoint","urlTemplate":"https:\/\/eu.haitianprecision.com\/de\/?s={search_term_string}"},"query-input":{"@type":"PropertyValueSpecification","valueRequired":true,"valueName":"search_term_string"}}],"inLanguage":"de"}]}},"_links":{"self":[{"href":"https:\/\/eu.haitianprecision.com\/de\/wp-json\/wp\/v2\/pages\/4447","targetHints":{"allow":["GET"]}}],"collection":[{"href":"https:\/\/eu.haitianprecision.com\/de\/wp-json\/wp\/v2\/pages"}],"about":[{"href":"https:\/\/eu.haitianprecision.com\/de\/wp-json\/wp\/v2\/types\/page"}],"author":[{"embeddable":true,"href":"https:\/\/eu.haitianprecision.com\/de\/wp-json\/wp\/v2\/users\/22"}],"replies":[{"embeddable":true,"href":"https:\/\/eu.haitianprecision.com\/de\/wp-json\/wp\/v2\/comments?post=4447"}],"version-history":[{"count":1,"href":"https:\/\/eu.haitianprecision.com\/de\/wp-json\/wp\/v2\/pages\/4447\/revisions"}],"predecessor-version":[{"id":4454,"href":"https:\/\/eu.haitianprecision.com\/de\/wp-json\/wp\/v2\/pages\/4447\/revisions\/4454"}],"wp:attachment":[{"href":"https:\/\/eu.haitianprecision.com\/de\/wp-json\/wp\/v2\/media?parent=4447"}],"curies":[{"name":"wp","href":"https:\/\/api.w.org\/{rel}","templated":true}]}}