{"id":3944,"date":"2024-11-29T14:28:54","date_gmt":"2024-11-29T13:28:54","guid":{"rendered":"https:\/\/eu.haitianprecision.com\/gnu-serie\/gnu36x120\/"},"modified":"2025-01-31T10:51:05","modified_gmt":"2025-01-31T09:51:05","slug":"gnu36x120","status":"publish","type":"page","link":"https:\/\/eu.haitianprecision.com\/de\/produkte\/doppelstaender-bearbeitungszentren\/feste-crossrail-serie\/gnu-serie\/gnu36x120\/","title":{"rendered":"GNU36x120"},"content":{"rendered":"<p>[et_pb_section fb_built=&#8220;1&#8243; fullwidth=&#8220;on&#8220; module_class=&#8220;teaser-product&#8220; _builder_version=&#8220;4.23.1&#8243; _module_preset=&#8220;default&#8220; locked=&#8220;off&#8220; global_colors_info=&#8220;{}&#8220;][et_pb_fullwidth_header title=&#8220;GNU36x120&#8243; subhead=&#8220;GLU(e) &#8211; GRUII &#8211; GHU &#8211; GNU&#8220; text_orientation=&#8220;center&#8220; header_fullscreen=&#8220;on&#8220; logo_image_url=&#8220;https:\/\/eu.haitianprecision.com\/wp-content\/uploads\/sites\/5\/2024\/11\/G-Vignette-50px-1.png&#8220; header_image_url=&#8220;https:\/\/eu.haitianprecision.com\/wp-content\/uploads\/sites\/5\/2024\/11\/Teaser_GRU_X_Product_3000x2000px-1.jpg&#8220; image_orientation=&#8220;bottom&#8220; _builder_version=&#8220;4.27.0&#8243; _module_preset=&#8220;default&#8220; background_enable_color=&#8220;off&#8220; background_layout=&#8220;light&#8220; global_colors_info=&#8220;{}&#8220;][\/et_pb_fullwidth_header][\/et_pb_section][et_pb_section fb_built=&#8220;1&#8243; module_class=&#8220;noPadding-top&#8220; _builder_version=&#8220;4.25.1&#8243; _module_preset=&#8220;default&#8220; global_colors_info=&#8220;{}&#8220;][et_pb_row module_class=&#8220;row-text-center&#8220; _builder_version=&#8220;4.25.1&#8243; _module_preset=&#8220;default&#8220; locked=&#8220;off&#8220; global_colors_info=&#8220;{}&#8220;][et_pb_column type=&#8220;4_4&#8243; _builder_version=&#8220;4.22.2&#8243; _module_preset=&#8220;default&#8220; global_colors_info=&#8220;{}&#8220;][et_pb_text module_class=&#8220;content-center&#8220; _builder_version=&#8220;4.27.0&#8243; _module_preset=&#8220;default&#8220; global_colors_info=&#8220;{}&#8220;]<\/p>\n<h5>Die Portalfr\u00e4szentren der \u201eU-Serie\u201c \u00fcberzeugen durch ihre herausragende Steifigkeit und einen gro\u00dfz\u00fcgigen Bearbeitungsbereich. Sie vereinen modernste Technologien, die hohe Effizienz, Pr\u00e4zision, Energieeinsparung und Benutzerfreundlichkeit gew\u00e4hrleisten. Diese Maschinen finden breite Anwendung in anspruchsvollen Branchen wie dem Formenbau, der Luft- und Raumfahrt sowie der Automobilindustrie. <\/h5>\n<p>[\/et_pb_text][\/et_pb_column][\/et_pb_row][et_pb_row column_structure=&#8220;1_5,1_5,1_5,1_5,1_5&#8243; disabled_on=&#8220;on|on|on&#8220; module_class=&#8220;product-icons&#8220; _builder_version=&#8220;4.23.1&#8243; _module_preset=&#8220;default&#8220; disabled=&#8220;on&#8220; global_colors_info=&#8220;{}&#8220;][et_pb_column type=&#8220;1_5&#8243; _builder_version=&#8220;4.23.1&#8243; _module_preset=&#8220;default&#8220; global_colors_info=&#8220;{}&#8220;][et_pb_blurb title=&#8220;Arbeitsbereich X\/Y\/Z&#8220; image=&#8220;https:\/\/eu.haitianprecision.com\/wp-content\/uploads\/sites\/5\/2024\/11\/Work-range.png&#8220; _builder_version=&#8220;4.27.0&#8243; _module_preset=&#8220;default&#8220; header_level=&#8220;h6&#8243; global_colors_info=&#8220;{}&#8220;]<\/p>\n<p>12500\/3600\/1250 mm<br \/>(Z1500 Option)<\/p>\n<p>[\/et_pb_blurb][\/et_pb_column][et_pb_column type=&#8220;1_5&#8243; _builder_version=&#8220;4.23.1&#8243; _module_preset=&#8220;default&#8220; global_colors_info=&#8220;{}&#8220;][et_pb_blurb title=&#8220;Eilganggeschwindigkeit X\/Y\/Z&#8220; image=&#8220;https:\/\/eu.haitianprecision.com\/wp-content\/uploads\/sites\/5\/2024\/11\/Rapid-traverse-speed.png&#8220; image_icon_width=&#8220;175%&#8220; _builder_version=&#8220;4.27.0&#8243; _module_preset=&#8220;default&#8220; header_level=&#8220;h6&#8243; global_colors_info=&#8220;{}&#8220;]<\/p>\n<p>10\/15\/10 m\/min<\/p>\n<p>[\/et_pb_blurb][\/et_pb_column][et_pb_column type=&#8220;1_5&#8243; _builder_version=&#8220;4.23.1&#8243; _module_preset=&#8220;default&#8220; global_colors_info=&#8220;{}&#8220;][et_pb_blurb title=&#8220;Spindeldrehzahl&#8220; image=&#8220;https:\/\/eu.haitianprecision.com\/wp-content\/uploads\/sites\/5\/2024\/11\/Spindle-speed.png&#8220; _builder_version=&#8220;4.27.0&#8243; _module_preset=&#8220;default&#8220; header_level=&#8220;h6&#8243; global_colors_info=&#8220;{}&#8220;]<\/p>\n<p>3500 U\/min<\/p>\n<p>[\/et_pb_blurb][\/et_pb_column][et_pb_column type=&#8220;1_5&#8243; _builder_version=&#8220;4.23.1&#8243; _module_preset=&#8220;default&#8220; global_colors_info=&#8220;{}&#8220;][et_pb_blurb title=&#8220;Spindelleistung&#8220; image=&#8220;https:\/\/eu.haitianprecision.com\/wp-content\/uploads\/sites\/5\/2024\/11\/Spindle-power.png&#8220; _builder_version=&#8220;4.27.0&#8243; _module_preset=&#8220;default&#8220; header_level=&#8220;h6&#8243; global_colors_info=&#8220;{}&#8220;]<\/p>\n<p>30\/37 kW<\/p>\n<p>[\/et_pb_blurb][\/et_pb_column][et_pb_column type=&#8220;1_5&#8243; _builder_version=&#8220;4.23.1&#8243; _module_preset=&#8220;default&#8220; global_colors_info=&#8220;{}&#8220;][et_pb_blurb title=&#8220;Spindeldrehmoment&#8220; image=&#8220;https:\/\/eu.haitianprecision.com\/wp-content\/uploads\/sites\/5\/2024\/11\/Spindle-torque.png&#8220; _builder_version=&#8220;4.27.0&#8243; _module_preset=&#8220;default&#8220; header_level=&#8220;h6&#8243; global_colors_info=&#8220;{}&#8220;]<\/p>\n<p>1860\/2300 Nm<\/p>\n<p>[\/et_pb_blurb][\/et_pb_column][\/et_pb_row][\/et_pb_section][et_pb_section fb_built=&#8220;1&#8243; admin_label=&#8220;Highlight Slider&#8220; module_class=&#8220;section-slider-image-text&#8220; _builder_version=&#8220;4.27.0&#8243; _module_preset=&#8220;default&#8220; custom_padding=&#8220;23px|||||&#8220; collapsed=&#8220;on&#8220; global_colors_info=&#8220;{}&#8220;][et_pb_row _builder_version=&#8220;4.25.1&#8243; _module_preset=&#8220;default&#8220; global_colors_info=&#8220;{}&#8220;][et_pb_column type=&#8220;4_4&#8243; _builder_version=&#8220;4.25.1&#8243; _module_preset=&#8220;default&#8220; global_colors_info=&#8220;{}&#8220;][et_pb_image src=&#8220;https:\/\/eu.haitianprecision.com\/wp-content\/uploads\/sites\/5\/2024\/11\/G-Vignette-50px-1.png&#8220; title_text=&#8220;G Vignette 50px&#8220; align=&#8220;center&#8220; _builder_version=&#8220;4.27.0&#8243; _module_preset=&#8220;default&#8220; custom_margin=&#8220;||3px|||&#8220; global_colors_info=&#8220;{}&#8220;][\/et_pb_image][et_pb_text _builder_version=&#8220;4.25.1&#8243; _module_preset=&#8220;default&#8220; global_colors_info=&#8220;{}&#8220;]<\/p>\n<h3 style=\"text-align: center\">Hauptmerkmale<\/h3>\n<p>[\/et_pb_text][\/et_pb_column][\/et_pb_row][et_pb_row _builder_version=&#8220;4.23.1&#8243; _module_preset=&#8220;default&#8220; global_colors_info=&#8220;{}&#8220;][et_pb_column type=&#8220;4_4&#8243; _builder_version=&#8220;4.23.1&#8243; _module_preset=&#8220;default&#8220; global_colors_info=&#8220;{}&#8220;][et_pb_slider show_image_video_mobile=&#8220;on&#8220; _builder_version=&#8220;4.27.4&#8243; _module_preset=&#8220;default&#8220; hover_enabled=&#8220;0&#8243; global_colors_info=&#8220;{}&#8220; sticky_enabled=&#8220;0&#8243;][et_pb_slide heading=&#8220;Kugelumlaufspindel mit zus\u00e4tzlichen Auflagern&#8220; image=&#8220;https:\/\/eu.haitianprecision.com\/wp-content\/uploads\/sites\/5\/2024\/11\/GLUe-GRUII-GHU-GNU_Highlight_Slider_2-1.jpg&#8220; use_bg_overlay=&#8220;off&#8220; use_text_overlay=&#8220;off&#8220; _builder_version=&#8220;4.27.0&#8243; _module_preset=&#8220;default&#8220; header_level=&#8220;h4&#8243; background_enable_color=&#8220;off&#8220; background_enable_image=&#8220;off&#8220; background_layout=&#8220;light&#8220; global_colors_info=&#8220;{}&#8220; sticky_transition=&#8220;on&#8220;]<\/p>\n<p>Der neu entwickelte Unterbau sorgt f\u00fcr eine optimale Auflageposition der Kugelumlaufspindeln bei langen Verfahrwegen und sichert einen dauerhaft stabilen und hochpr\u00e4zisen Betrieb der Maschine.<\/p>\n<p>[\/et_pb_slide][et_pb_slide heading=&#8220;Hochdrehmoment-Getriebe&#8220; image=&#8220;https:\/\/eu.haitianprecision.com\/wp-content\/uploads\/sites\/5\/2024\/11\/GLUe-GRUII-GHU-GNU_Highlight_Slider_3-1.jpg&#8220; use_bg_overlay=&#8220;off&#8220; use_text_overlay=&#8220;off&#8220; _builder_version=&#8220;4.27.0&#8243; _module_preset=&#8220;default&#8220; header_level=&#8220;h4&#8243; background_enable_color=&#8220;off&#8220; background_enable_image=&#8220;off&#8220; background_layout=&#8220;light&#8220; global_colors_info=&#8220;{}&#8220; sticky_transition=&#8220;on&#8220;]<\/p>\n<p>Zwei-Gang-Schaltung durch hydraulische Schaltautomatik mit stufenloser Geschwindigkeitsanpassung in jedem Gang. Das System ist einfach und zuverl\u00e4ssig. <\/p>\n<p>[\/et_pb_slide][et_pb_slide heading=&#8220;e-Series Werkzeugspindel&#8220; image=&#8220;https:\/\/eu.haitianprecision.com\/wp-content\/uploads\/sites\/5\/2024\/11\/eSpindle_Double-Column_Slider_1-1.jpg&#8220; use_bg_overlay=&#8220;off&#8220; use_text_overlay=&#8220;off&#8220; _builder_version=&#8220;4.27.0&#8243; _module_preset=&#8220;default&#8220; header_level=&#8220;h4&#8243; background_enable_color=&#8220;off&#8220; background_enable_image=&#8220;off&#8220; background_layout=&#8220;light&#8220; global_colors_info=&#8220;{}&#8220; sticky_transition=&#8220;on&#8220;]<\/p>\n<p>Unsere Standardkonfiguration umfasst eine selbst entwickelte und hergestellte elektrische Spindel.<\/p>\n<p>[\/et_pb_slide][et_pb_slide heading=&#8220;Schwenkkopfmagazin an der S\u00e4ule&#8220; image=&#8220;https:\/\/eu.haitianprecision.com\/wp-content\/uploads\/sites\/5\/2024\/11\/GLUe-GRUII-GHU-GNU_Highlight_Slider_4-1.jpg&#8220; use_bg_overlay=&#8220;off&#8220; use_text_overlay=&#8220;off&#8220; _builder_version=&#8220;4.27.0&#8243; _module_preset=&#8220;default&#8220; header_level=&#8220;h4&#8243; background_enable_color=&#8220;off&#8220; background_enable_image=&#8220;off&#8220; background_layout=&#8220;light&#8220; global_colors_info=&#8220;{}&#8220; sticky_transition=&#8220;on&#8220;]<\/p>\n<p>Die kompakte Bauweise erm\u00f6glicht einen automatischen Kopfwechsel, wodurch die R\u00fcstzeiten verk\u00fcrzt und die Effizienz der Bearbeitung gesteigert werden.<\/p>\n<p>[\/et_pb_slide][et_pb_slide heading=&#8220;Zahnkupplung&#8220; image=&#8220;https:\/\/eu.haitianprecision.com\/wp-content\/uploads\/sites\/5\/2024\/11\/GLUe-GRUII-GHU-GNU_Highlight_Slider_5-1.jpg&#8220; use_bg_overlay=&#8220;off&#8220; use_text_overlay=&#8220;off&#8220; _builder_version=&#8220;4.27.0&#8243; _module_preset=&#8220;default&#8220; header_level=&#8220;h4&#8243; background_enable_color=&#8220;off&#8220; background_enable_image=&#8220;off&#8220; background_layout=&#8220;light&#8220; global_colors_info=&#8220;{}&#8220; sticky_transition=&#8220;on&#8220;]<\/p>\n<p>Das Hauptantriebssystem ist mit Zahnradkupplungen ausgestattet und \u00fcberzeugt durch seinen einfachen und zuverl\u00e4ssigen Aufbau sowie einer hohen Drehmoment\u00fcbertragung.<\/p>\n<p>[\/et_pb_slide][\/et_pb_slider][\/et_pb_column][\/et_pb_row][\/et_pb_section][et_pb_section fb_built=&#8220;1&#8243; admin_label=&#8220;Video &#8211; Gallery Light&#8220; module_class=&#8220;section-video-gallery&#8220; _builder_version=&#8220;4.23.1&#8243; _module_preset=&#8220;default&#8220; collapsed=&#8220;off&#8220; global_colors_info=&#8220;{}&#8220;][et_pb_row _builder_version=&#8220;4.23.1&#8243; _module_preset=&#8220;default&#8220; global_colors_info=&#8220;{}&#8220;][et_pb_column type=&#8220;4_4&#8243; _builder_version=&#8220;4.23.1&#8243; _module_preset=&#8220;default&#8220; global_colors_info=&#8220;{}&#8220;][dvg_divi_video_gallery layout=&#8220;dvg-playlist-layout&#8220; _builder_version=&#8220;4.23.1&#8243; _module_preset=&#8220;default&#8220; global_colors_info=&#8220;{}&#8220;][dvg_divi_video_gallery_item title=&#8220;Haitian Smart&#8220; subtitle=&#8220;<\/p>\n<p><span>Solutions for Digital Workshop<\/span><\/p>\n<p>&#8220; src=&#8220;https:\/\/www.youtube.com\/watch?v=qXzis4mMN4M&#8220; image_src=&#8220;\/\/i.ytimg.com\/vi\/qXzis4mMN4M\/hqdefault.jpg&#8220; _builder_version=&#8220;4.23.1&#8243; _module_preset=&#8220;default&#8220; global_colors_info=&#8220;{}&#8220;][\/dvg_divi_video_gallery_item][dvg_divi_video_gallery_item title=&#8220;Haitian Jupiter Series&#8220; subtitle=&#8220;<\/p>\n<p><span>Open House 2023<\/span><\/p>\n<p>&#8220; src=&#8220;https:\/\/youtu.be\/_2HxVRN5dLU?feature=shared&#8220; image_src=&#8220;\/\/i.ytimg.com\/vi\/_2HxVRN5dLU\/hqdefault.jpg&#8220; src_last_edited=&#8220;off|tablet&#8220; _builder_version=&#8220;4.23.1&#8243; _module_preset=&#8220;default&#8220; global_colors_info=&#8220;{}&#8220;][\/dvg_divi_video_gallery_item][dvg_divi_video_gallery_item title=&#8220;Haitian Germany&#8220; subtitle=&#8220;<\/p>\n<p><span>Open House 2023<\/span><\/p>\n<p>&#8220; src=&#8220;https:\/\/www.youtube.com\/watch?v=7rFpO8_ySEY&#8220; image_src=&#8220;\/\/i.ytimg.com\/vi\/7rFpO8_ySEY\/hqdefault.jpg&#8220; _builder_version=&#8220;4.23.1&#8243; _module_preset=&#8220;default&#8220; global_colors_info=&#8220;{}&#8220;][\/dvg_divi_video_gallery_item][\/dvg_divi_video_gallery][et_pb_code _builder_version=&#8220;4.27.2&#8243; _module_preset=&#8220;default&#8220; global_colors_info=&#8220;{}&#8220;] <div class=\"brlbs-cmpnt-container brlbs-cmpnt-content-blocker brlbs-cmpnt-with-individual-styles\" data-borlabs-cookie-content-blocker-id=\"youtube-content-blocker\" data-borlabs-cookie-content=\"PGRpdiBjbGFzcz0iYnJsYnMtY21wbnQtY2ItZmx1aWQtd2lkdGgtdmlkZW8td3JhcHBlci15b3V0dWJlIj48L2Rpdj4=\"><div class=\"brlbs-cmpnt-cb-preset-c brlbs-cmpnt-cb-youtube\"> <div class=\"brlbs-cmpnt-cb-thumbnail\" style=\"background-image: url('https:\/\/eu.haitianprecision.com\/wp-content\/uploads\/borlabs-cookie\/5\/brlbs-cb-youtube-main.png')\"><\/div> <div class=\"brlbs-cmpnt-cb-main\"> <div class=\"brlbs-cmpnt-cb-play-button\"><\/div> <div class=\"brlbs-cmpnt-cb-content\"> <p class=\"brlbs-cmpnt-cb-description\">Sie sehen gerade einen Platzhalterinhalt von <strong>YouTube<\/strong>. Um auf den eigentlichen Inhalt zuzugreifen, klicken Sie auf die Schaltfl\u00e4che unten. Bitte beachten Sie, dass dabei Daten an Drittanbieter weitergegeben werden.<\/p> <a class=\"brlbs-cmpnt-cb-provider-toggle\" href=\"#\" data-borlabs-cookie-show-provider-information role=\"button\">Mehr Informationen<\/a> <\/div> <div class=\"brlbs-cmpnt-cb-buttons\"> <a class=\"brlbs-cmpnt-cb-btn\" href=\"#\" data-borlabs-cookie-unblock role=\"button\">Inhalt entsperren<\/a> <a class=\"brlbs-cmpnt-cb-btn\" href=\"#\" data-borlabs-cookie-accept-service role=\"button\" style=\"display: inherit\">Erforderlichen Service akzeptieren und Inhalte entsperren<\/a> <\/div> <\/div> <\/div><\/div>[\/et_pb_code][\/et_pb_column][\/et_pb_row][\/et_pb_section][et_pb_section fb_built=&#8220;1&#8243; module_class=&#8220;section-contactRegion-text noPadding-top&#8220; _builder_version=&#8220;4.27.0&#8243; _module_preset=&#8220;default&#8220; global_colors_info=&#8220;{}&#8220;][et_pb_row column_structure=&#8220;1_2,1_2&#8243; make_equal=&#8220;on&#8220; module_class=&#8220;light&#8220; _builder_version=&#8220;4.25.2&#8243; _module_preset=&#8220;default&#8220; global_colors_info=&#8220;{}&#8220;][et_pb_column type=&#8220;1_2&#8243; _builder_version=&#8220;4.25.2&#8243; _module_preset=&#8220;default&#8220; global_colors_info=&#8220;{}&#8220;][et_pb_text _builder_version=&#8220;4.23.1&#8243; _module_preset=&#8220;default&#8220; text_text_color=&#8220;#000000&#8243; header_text_color=&#8220;#000000&#8243; header_3_text_color=&#8220;#000000&#8243; global_colors_info=&#8220;{}&#8220;]<\/p>\n<h3>Ansprechpartner<\/h3>\n<p>[\/et_pb_text][et_pb_text _builder_version=&#8220;4.23.1&#8243; _module_preset=&#8220;default&#8220; global_colors_info=&#8220;{}&#8220;]<\/p>\n<p><span>Egal in welcher Region Sie sich befinden \u2013 unsere regionalen Vertriebs- &amp; Servicepartner stehen Ihnen f\u00fcr alle Fragen zur Verf\u00fcgung. <\/span><\/p>\n<p>[\/et_pb_text][\/et_pb_column][et_pb_column type=&#8220;1_2&#8243; _builder_version=&#8220;4.25.2&#8243; _module_preset=&#8220;default&#8220; global_colors_info=&#8220;{}&#8220;][et_pb_button button_url=&#8220;https:\/\/eu.haitianprecision.com\/de\/kontakt\/&#8220; url_new_window=&#8220;on&#8220; button_text=&#8220;zum Kontakt&#8220; button_alignment=&#8220;center&#8220; _builder_version=&#8220;4.27.0&#8243; _module_preset=&#8220;default&#8220; background_layout=&#8220;dark&#8220; global_colors_info=&#8220;{}&#8220;][\/et_pb_button][\/et_pb_column][\/et_pb_row][\/et_pb_section]<\/p>\n","protected":false},"excerpt":{"rendered":"<p>Die Portalfr\u00e4szentren der \u201eU-Serie\u201c \u00fcberzeugen durch ihre herausragende Steifigkeit und einen gro\u00dfz\u00fcgigen Bearbeitungsbereich. Sie vereinen modernste Technologien, die hohe Effizienz, Pr\u00e4zision, Energieeinsparung und Benutzerfreundlichkeit gew\u00e4hrleisten. Diese Maschinen finden breite Anwendung in anspruchsvollen Branchen wie dem Formenbau, der Luft- und Raumfahrt sowie der Automobilindustrie. 12500\/3600\/1250 mm(Z1500 Option)10\/15\/10 m\/min3500 U\/min30\/37 kW1860\/2300 NmHauptmerkmaleDer neu entwickelte Unterbau sorgt f\u00fcr [&hellip;]<\/p>\n","protected":false},"author":22,"featured_media":0,"parent":3842,"menu_order":0,"comment_status":"closed","ping_status":"closed","template":"custom-template-menu-dark.php","meta":{"_et_pb_use_builder":"on","_et_pb_old_content":"","_et_gb_content_width":"","footnotes":""},"class_list":["post-3944","page","type-page","status-publish","hentry"],"yoast_head":"<!-- This site is optimized with the Yoast SEO plugin v27.2 - https:\/\/yoast.com\/product\/yoast-seo-wordpress\/ -->\n<title>GNU36x120 - Haitian Precision<\/title>\n<meta name=\"robots\" content=\"index, follow, max-snippet:-1, max-image-preview:large, max-video-preview:-1\" \/>\n<link rel=\"canonical\" href=\"https:\/\/eu.haitianprecision.com\/de\/produkte\/doppelstaender-bearbeitungszentren\/feste-crossrail-serie\/gnu-serie\/gnu36x120\/\" \/>\n<meta property=\"og:locale\" content=\"de_DE\" \/>\n<meta property=\"og:type\" content=\"article\" \/>\n<meta property=\"og:title\" content=\"GNU36x120 - Haitian Precision\" \/>\n<meta property=\"og:description\" content=\"Die Portalfr\u00e4szentren der \u201eU-Serie\u201c \u00fcberzeugen durch ihre herausragende Steifigkeit und einen gro\u00dfz\u00fcgigen Bearbeitungsbereich. Sie vereinen modernste Technologien, die hohe Effizienz, Pr\u00e4zision, Energieeinsparung und Benutzerfreundlichkeit gew\u00e4hrleisten. Diese Maschinen finden breite Anwendung in anspruchsvollen Branchen wie dem Formenbau, der Luft- und Raumfahrt sowie der Automobilindustrie. 12500\/3600\/1250 mm(Z1500 Option)10\/15\/10 m\/min3500 U\/min30\/37 kW1860\/2300 NmHauptmerkmaleDer neu entwickelte Unterbau sorgt f\u00fcr [&hellip;]\" \/>\n<meta property=\"og:url\" content=\"https:\/\/eu.haitianprecision.com\/de\/produkte\/doppelstaender-bearbeitungszentren\/feste-crossrail-serie\/gnu-serie\/gnu36x120\/\" \/>\n<meta property=\"og:site_name\" content=\"Haitian Precision\" \/>\n<meta property=\"article:modified_time\" content=\"2025-01-31T09:51:05+00:00\" \/>\n<meta name=\"twitter:card\" content=\"summary_large_image\" \/>\n<meta name=\"twitter:label1\" content=\"Gesch\u00e4tzte Lesezeit\" \/>\n\t<meta name=\"twitter:data1\" content=\"7\u00a0Minuten\" \/>\n<script type=\"application\/ld+json\" class=\"yoast-schema-graph\">{\"@context\":\"https:\/\/schema.org\",\"@graph\":[{\"@type\":\"WebPage\",\"@id\":\"https:\/\/eu.haitianprecision.com\/de\/produkte\/doppelstaender-bearbeitungszentren\/feste-crossrail-serie\/gnu-serie\/gnu36x120\/\",\"url\":\"https:\/\/eu.haitianprecision.com\/de\/produkte\/doppelstaender-bearbeitungszentren\/feste-crossrail-serie\/gnu-serie\/gnu36x120\/\",\"name\":\"GNU36x120 - Haitian Precision\",\"isPartOf\":{\"@id\":\"https:\/\/eu.haitianprecision.com\/de\/#website\"},\"datePublished\":\"2024-11-29T13:28:54+00:00\",\"dateModified\":\"2025-01-31T09:51:05+00:00\",\"breadcrumb\":{\"@id\":\"https:\/\/eu.haitianprecision.com\/de\/produkte\/doppelstaender-bearbeitungszentren\/feste-crossrail-serie\/gnu-serie\/gnu36x120\/#breadcrumb\"},\"inLanguage\":\"de\",\"potentialAction\":[{\"@type\":\"ReadAction\",\"target\":[\"https:\/\/eu.haitianprecision.com\/de\/produkte\/doppelstaender-bearbeitungszentren\/feste-crossrail-serie\/gnu-serie\/gnu36x120\/\"]}]},{\"@type\":\"BreadcrumbList\",\"@id\":\"https:\/\/eu.haitianprecision.com\/de\/produkte\/doppelstaender-bearbeitungszentren\/feste-crossrail-serie\/gnu-serie\/gnu36x120\/#breadcrumb\",\"itemListElement\":[{\"@type\":\"ListItem\",\"position\":1,\"name\":\"Home\",\"item\":\"https:\/\/eu.haitianprecision.com\/de\/\"},{\"@type\":\"ListItem\",\"position\":2,\"name\":\"Produkte\",\"item\":\"https:\/\/eu.haitianprecision.com\/de\/products\/\"},{\"@type\":\"ListItem\",\"position\":3,\"name\":\"Doppelst\u00e4nder-Bearbeitungszentrum\",\"item\":\"https:\/\/eu.haitianprecision.com\/de\/products\/double-column-machining-center\/\"},{\"@type\":\"ListItem\",\"position\":4,\"name\":\"Feste Crossrail-Serie\",\"item\":\"https:\/\/eu.haitianprecision.com\/de\/products\/double-column-machining-center\/fixed-crossrail-series\/\"},{\"@type\":\"ListItem\",\"position\":5,\"name\":\"GNU Serie\",\"item\":\"https:\/\/eu.haitianprecision.com\/de\/products\/double-column-machining-center\/fixed-crossrail-series\/gnu-series\/\"},{\"@type\":\"ListItem\",\"position\":6,\"name\":\"GNU36x120\"}]},{\"@type\":\"WebSite\",\"@id\":\"https:\/\/eu.haitianprecision.com\/de\/#website\",\"url\":\"https:\/\/eu.haitianprecision.com\/de\/\",\"name\":\"Haitian Precision\",\"description\":\"\",\"potentialAction\":[{\"@type\":\"SearchAction\",\"target\":{\"@type\":\"EntryPoint\",\"urlTemplate\":\"https:\/\/eu.haitianprecision.com\/de\/?s={search_term_string}\"},\"query-input\":{\"@type\":\"PropertyValueSpecification\",\"valueRequired\":true,\"valueName\":\"search_term_string\"}}],\"inLanguage\":\"de\"}]}<\/script>\n<!-- \/ Yoast SEO plugin. -->","yoast_head_json":{"title":"GNU36x120 - Haitian Precision","robots":{"index":"index","follow":"follow","max-snippet":"max-snippet:-1","max-image-preview":"max-image-preview:large","max-video-preview":"max-video-preview:-1"},"canonical":"https:\/\/eu.haitianprecision.com\/de\/produkte\/doppelstaender-bearbeitungszentren\/feste-crossrail-serie\/gnu-serie\/gnu36x120\/","og_locale":"de_DE","og_type":"article","og_title":"GNU36x120 - Haitian Precision","og_description":"Die Portalfr\u00e4szentren der \u201eU-Serie\u201c \u00fcberzeugen durch ihre herausragende Steifigkeit und einen gro\u00dfz\u00fcgigen Bearbeitungsbereich. Sie vereinen modernste Technologien, die hohe Effizienz, Pr\u00e4zision, Energieeinsparung und Benutzerfreundlichkeit gew\u00e4hrleisten. Diese Maschinen finden breite Anwendung in anspruchsvollen Branchen wie dem Formenbau, der Luft- und Raumfahrt sowie der Automobilindustrie. 12500\/3600\/1250 mm(Z1500 Option)10\/15\/10 m\/min3500 U\/min30\/37 kW1860\/2300 NmHauptmerkmaleDer neu entwickelte Unterbau sorgt f\u00fcr [&hellip;]","og_url":"https:\/\/eu.haitianprecision.com\/de\/produkte\/doppelstaender-bearbeitungszentren\/feste-crossrail-serie\/gnu-serie\/gnu36x120\/","og_site_name":"Haitian Precision","article_modified_time":"2025-01-31T09:51:05+00:00","twitter_card":"summary_large_image","twitter_misc":{"Gesch\u00e4tzte Lesezeit":"7\u00a0Minuten"},"schema":{"@context":"https:\/\/schema.org","@graph":[{"@type":"WebPage","@id":"https:\/\/eu.haitianprecision.com\/de\/produkte\/doppelstaender-bearbeitungszentren\/feste-crossrail-serie\/gnu-serie\/gnu36x120\/","url":"https:\/\/eu.haitianprecision.com\/de\/produkte\/doppelstaender-bearbeitungszentren\/feste-crossrail-serie\/gnu-serie\/gnu36x120\/","name":"GNU36x120 - Haitian Precision","isPartOf":{"@id":"https:\/\/eu.haitianprecision.com\/de\/#website"},"datePublished":"2024-11-29T13:28:54+00:00","dateModified":"2025-01-31T09:51:05+00:00","breadcrumb":{"@id":"https:\/\/eu.haitianprecision.com\/de\/produkte\/doppelstaender-bearbeitungszentren\/feste-crossrail-serie\/gnu-serie\/gnu36x120\/#breadcrumb"},"inLanguage":"de","potentialAction":[{"@type":"ReadAction","target":["https:\/\/eu.haitianprecision.com\/de\/produkte\/doppelstaender-bearbeitungszentren\/feste-crossrail-serie\/gnu-serie\/gnu36x120\/"]}]},{"@type":"BreadcrumbList","@id":"https:\/\/eu.haitianprecision.com\/de\/produkte\/doppelstaender-bearbeitungszentren\/feste-crossrail-serie\/gnu-serie\/gnu36x120\/#breadcrumb","itemListElement":[{"@type":"ListItem","position":1,"name":"Home","item":"https:\/\/eu.haitianprecision.com\/de\/"},{"@type":"ListItem","position":2,"name":"Produkte","item":"https:\/\/eu.haitianprecision.com\/de\/products\/"},{"@type":"ListItem","position":3,"name":"Doppelst\u00e4nder-Bearbeitungszentrum","item":"https:\/\/eu.haitianprecision.com\/de\/products\/double-column-machining-center\/"},{"@type":"ListItem","position":4,"name":"Feste Crossrail-Serie","item":"https:\/\/eu.haitianprecision.com\/de\/products\/double-column-machining-center\/fixed-crossrail-series\/"},{"@type":"ListItem","position":5,"name":"GNU Serie","item":"https:\/\/eu.haitianprecision.com\/de\/products\/double-column-machining-center\/fixed-crossrail-series\/gnu-series\/"},{"@type":"ListItem","position":6,"name":"GNU36x120"}]},{"@type":"WebSite","@id":"https:\/\/eu.haitianprecision.com\/de\/#website","url":"https:\/\/eu.haitianprecision.com\/de\/","name":"Haitian Precision","description":"","potentialAction":[{"@type":"SearchAction","target":{"@type":"EntryPoint","urlTemplate":"https:\/\/eu.haitianprecision.com\/de\/?s={search_term_string}"},"query-input":{"@type":"PropertyValueSpecification","valueRequired":true,"valueName":"search_term_string"}}],"inLanguage":"de"}]}},"_links":{"self":[{"href":"https:\/\/eu.haitianprecision.com\/de\/wp-json\/wp\/v2\/pages\/3944","targetHints":{"allow":["GET"]}}],"collection":[{"href":"https:\/\/eu.haitianprecision.com\/de\/wp-json\/wp\/v2\/pages"}],"about":[{"href":"https:\/\/eu.haitianprecision.com\/de\/wp-json\/wp\/v2\/types\/page"}],"author":[{"embeddable":true,"href":"https:\/\/eu.haitianprecision.com\/de\/wp-json\/wp\/v2\/users\/22"}],"replies":[{"embeddable":true,"href":"https:\/\/eu.haitianprecision.com\/de\/wp-json\/wp\/v2\/comments?post=3944"}],"version-history":[{"count":6,"href":"https:\/\/eu.haitianprecision.com\/de\/wp-json\/wp\/v2\/pages\/3944\/revisions"}],"predecessor-version":[{"id":3959,"href":"https:\/\/eu.haitianprecision.com\/de\/wp-json\/wp\/v2\/pages\/3944\/revisions\/3959"}],"up":[{"embeddable":true,"href":"https:\/\/eu.haitianprecision.com\/de\/wp-json\/wp\/v2\/pages\/3842"}],"wp:attachment":[{"href":"https:\/\/eu.haitianprecision.com\/de\/wp-json\/wp\/v2\/media?parent=3944"}],"curies":[{"name":"wp","href":"https:\/\/api.w.org\/{rel}","templated":true}]}}