{"id":1163,"date":"2024-11-05T09:14:16","date_gmt":"2024-11-05T08:14:16","guid":{"rendered":"https:\/\/eu.haitianprecision.com\/vmcii-serie\/"},"modified":"2026-03-25T10:12:22","modified_gmt":"2026-03-25T09:12:22","slug":"v-serie","status":"publish","type":"page","link":"https:\/\/eu.haitianprecision.com\/de\/produkte\/vertikales-bearbeitungszentrum\/v-serie\/","title":{"rendered":"V-Serie"},"content":{"rendered":"<p>[et_pb_section fb_built=&#8220;1&#8243; fullwidth=&#8220;on&#8220; module_class=&#8220;teaser-product&#8220; _builder_version=&#8220;4.23.1&#8243; _module_preset=&#8220;default&#8220; locked=&#8220;off&#8220; global_colors_info=&#8220;{}&#8220;][et_pb_fullwidth_header title=&#8220;V-Serie&#8220; subhead=&#8220;Vertikales Bearbeitungszentrum&#8220; text_orientation=&#8220;center&#8220; header_fullscreen=&#8220;on&#8220; logo_image_url=&#8220;https:\/\/eu.haitianprecision.com\/wp-content\/uploads\/sites\/5\/2024\/11\/V-Vignette-50px-1.png&#8220; header_image_url=&#8220;https:\/\/eu.haitianprecision.com\/wp-content\/uploads\/sites\/5\/2025\/07\/V10.png&#8220; image_orientation=&#8220;bottom&#8220; _builder_version=&#8220;4.27.6&#8243; _module_preset=&#8220;default&#8220; background_enable_color=&#8220;off&#8220; background_layout=&#8220;light&#8220; hover_enabled=&#8220;0&#8243; global_colors_info=&#8220;{}&#8220; title_text=&#8220;V10&#8243; sticky_enabled=&#8220;0&#8243;][\/et_pb_fullwidth_header][\/et_pb_section][et_pb_section fb_built=&#8220;1&#8243; module_class=&#8220;noPadding-top&#8220; _builder_version=&#8220;4.25.1&#8243; _module_preset=&#8220;default&#8220; global_colors_info=&#8220;{}&#8220;][et_pb_row module_class=&#8220;row-text-center&#8220; _builder_version=&#8220;4.25.1&#8243; _module_preset=&#8220;default&#8220; locked=&#8220;off&#8220; global_colors_info=&#8220;{}&#8220;][et_pb_column type=&#8220;4_4&#8243; _builder_version=&#8220;4.22.2&#8243; _module_preset=&#8220;default&#8220; global_colors_info=&#8220;{}&#8220;][et_pb_text module_class=&#8220;content-center&#8220; _builder_version=&#8220;4.27.0&#8243; _module_preset=&#8220;default&#8220; global_colors_info=&#8220;{}&#8220; custom_padding=&#8220;3px|||||&#8220;]<\/p>\n<h5><span>Die vertikalen Bearbeitungszentren der V-Serie <br \/>stellen eine Weiterentwicklung der VMC-Serie dar <br \/>und wurden konzipiert, um leistungsstarke, <br \/>kosteneffiziente Produkte zu schaffen. Diese <br \/>Maschinen finden breite Anwendung in der <br \/>Automobilzulieferindustrie, im Bau- und <br \/>Maschinenbau sowie in weiteren Bereichen der <br \/>allgemeinen Industrie. <\/span><\/h5>\n<p>[\/et_pb_text][\/et_pb_column][\/et_pb_row][et_pb_row column_structure=&#8220;1_5,1_5,1_5,1_5,1_5&#8243; module_class=&#8220;product-icons&#8220; _builder_version=&#8220;4.23.1&#8243; _module_preset=&#8220;default&#8220; global_colors_info=&#8220;{}&#8220;][et_pb_column type=&#8220;1_5&#8243; _builder_version=&#8220;4.23.1&#8243; _module_preset=&#8220;default&#8220; global_colors_info=&#8220;{}&#8220;][et_pb_blurb title=&#8220;Arbeitsbereich X\/Y\/Z&#8220; image=&#8220;https:\/\/eu.haitianprecision.com\/wp-content\/uploads\/sites\/5\/2024\/11\/CNC_Icons_WorkRange-2-1.svg&#8220; _builder_version=&#8220;4.27.0&#8243; _module_preset=&#8220;default&#8220; header_level=&#8220;h6&#8243; global_colors_info=&#8220;{}&#8220;]<\/p>\n<p>1200\/600\/600 mm<\/p>\n<p>[\/et_pb_blurb][\/et_pb_column][et_pb_column type=&#8220;1_5&#8243; _builder_version=&#8220;4.23.1&#8243; _module_preset=&#8220;default&#8220; global_colors_info=&#8220;{}&#8220;][et_pb_blurb title=&#8220;Eilganggeschwindigkeit X\/Y\/Z&#8220; image=&#8220;https:\/\/eu.haitianprecision.com\/wp-content\/uploads\/sites\/5\/2024\/11\/CNC_Icons_Rapid-Traverse-Speed-2-1.svg&#8220; image_icon_width=&#8220;175%&#8220; _builder_version=&#8220;4.27.0&#8243; _module_preset=&#8220;default&#8220; header_level=&#8220;h6&#8243; global_colors_info=&#8220;{}&#8220;]<\/p>\n<p>36\/36\/36 m\/min<\/p>\n<p>[\/et_pb_blurb][\/et_pb_column][et_pb_column type=&#8220;1_5&#8243; _builder_version=&#8220;4.23.1&#8243; _module_preset=&#8220;default&#8220; global_colors_info=&#8220;{}&#8220;][et_pb_blurb title=&#8220;Spindeldrehzahl&#8220; image=&#8220;https:\/\/eu.haitianprecision.com\/wp-content\/uploads\/sites\/5\/2024\/11\/CNC_Icons_Spindle-Speed-2-1.svg&#8220; _builder_version=&#8220;4.27.0&#8243; _module_preset=&#8220;default&#8220; header_level=&#8220;h6&#8243; global_colors_info=&#8220;{}&#8220;]<\/p>\n<p>8000 U\/min<\/p>\n<p>[\/et_pb_blurb][\/et_pb_column][et_pb_column type=&#8220;1_5&#8243; _builder_version=&#8220;4.23.1&#8243; _module_preset=&#8220;default&#8220; global_colors_info=&#8220;{}&#8220;][et_pb_blurb title=&#8220;Spindel Leistung&#8220; image=&#8220;https:\/\/eu.haitianprecision.com\/wp-content\/uploads\/sites\/5\/2024\/11\/CNC_Icons_Spindle-Power-2-1.svg&#8220; _builder_version=&#8220;4.27.0&#8243; _module_preset=&#8220;default&#8220; header_level=&#8220;h6&#8243; global_colors_info=&#8220;{}&#8220;]<\/p>\n<p>11\/15 kW<\/p>\n<p>[\/et_pb_blurb][\/et_pb_column][et_pb_column type=&#8220;1_5&#8243; _builder_version=&#8220;4.23.1&#8243; _module_preset=&#8220;default&#8220; global_colors_info=&#8220;{}&#8220;][et_pb_blurb title=&#8220;Spindeldrehmoment&#8220; image=&#8220;https:\/\/eu.haitianprecision.com\/wp-content\/uploads\/sites\/5\/2024\/11\/CNC_Icons_Spindle-Torque-2-1.svg&#8220; _builder_version=&#8220;4.27.0&#8243; _module_preset=&#8220;default&#8220; header_level=&#8220;h6&#8243; global_colors_info=&#8220;{}&#8220;]<\/p>\n<p>52,5\/95,5 N-m<\/p>\n<p>[\/et_pb_blurb][\/et_pb_column][\/et_pb_row][\/et_pb_section][et_pb_section fb_built=&#8220;1&#8243; admin_label=&#8220;Highlight Slider&#8220; module_class=&#8220;section-slider-image-text&#8220; _builder_version=&#8220;4.27.0&#8243; _module_preset=&#8220;default&#8220; custom_padding=&#8220;23px|||||&#8220; collapsed=&#8220;on&#8220; global_colors_info=&#8220;{}&#8220;][et_pb_row _builder_version=&#8220;4.25.1&#8243; _module_preset=&#8220;default&#8220; global_colors_info=&#8220;{}&#8220;][et_pb_column type=&#8220;4_4&#8243; _builder_version=&#8220;4.25.1&#8243; _module_preset=&#8220;default&#8220; global_colors_info=&#8220;{}&#8220;][et_pb_image src=&#8220;https:\/\/eu.haitianprecision.com\/wp-content\/uploads\/sites\/5\/2024\/11\/V-Vignette-50px-1.png&#8220; title_text=&#8220;V Vignette 50px&#8220; align=&#8220;center&#8220; _builder_version=&#8220;4.27.0&#8243; _module_preset=&#8220;default&#8220; custom_margin=&#8220;||3px|||&#8220; global_colors_info=&#8220;{}&#8220;][\/et_pb_image][et_pb_text _builder_version=&#8220;4.25.1&#8243; _module_preset=&#8220;default&#8220; global_colors_info=&#8220;{}&#8220;]<\/p>\n<h3 style=\"text-align: center\">Highlights<\/h3>\n<p>[\/et_pb_text][\/et_pb_column][\/et_pb_row][et_pb_row _builder_version=&#8220;4.23.1&#8243; _module_preset=&#8220;default&#8220; global_colors_info=&#8220;{}&#8220;][et_pb_column type=&#8220;4_4&#8243; _builder_version=&#8220;4.23.1&#8243; _module_preset=&#8220;default&#8220; global_colors_info=&#8220;{}&#8220;][et_pb_slider show_image_video_mobile=&#8220;on&#8220; _builder_version=&#8220;4.27.0&#8243; _module_preset=&#8220;default&#8220; global_colors_info=&#8220;{}&#8220;][et_pb_slide heading=&#8220;Hohe Stabilit\u00e4t&#8220; image=&#8220;https:\/\/eu.haitianprecision.com\/wp-content\/uploads\/sites\/5\/2024\/11\/Highlights-VCMII_rigidity-design.png&#8220; use_bg_overlay=&#8220;off&#8220; use_text_overlay=&#8220;off&#8220; _builder_version=&#8220;4.27.0&#8243; _module_preset=&#8220;default&#8220; header_level=&#8220;h4&#8243; background_enable_color=&#8220;off&#8220; background_enable_image=&#8220;off&#8220; background_layout=&#8220;light&#8220; global_colors_info=&#8220;{}&#8220; sticky_transition=&#8220;on&#8220;]<\/p>\n<p><span>Die neueste Generation der VMC-Serie zeichnet sich durch ein Bett- und eine S\u00e4ulenstruktur aus <br \/>hochfestem Gusseisen aus, die eine stabile Grundlage f\u00fcr moderne Bearbeitungswerkzeuge und <br \/>-strategien bieten. Ein bew\u00e4hrtes Spindel- und Vorschubsystem gew\u00e4hrleistet sowohl Stabilit\u00e4t als auch Prozesssicherheit. Dar\u00fcber hinaus sind die Maschinen vollst\u00e4ndig eingehaust, um maximalen Schutz w\u00e4hrend des Betriebs zu gew\u00e4hrleisten.<\/span><\/p>\n<p>[\/et_pb_slide][et_pb_slide heading=&#8220;Vollst\u00e4ndiger Schutz&#8220; image=&#8220;https:\/\/eu.haitianprecision.com\/wp-content\/uploads\/sites\/5\/2024\/11\/VMCII_Highlight_Slider_4-1.jpg&#8220; use_bg_overlay=&#8220;off&#8220; use_text_overlay=&#8220;off&#8220; _builder_version=&#8220;4.27.0&#8243; _module_preset=&#8220;default&#8220; header_level=&#8220;h4&#8243; background_enable_color=&#8220;off&#8220; background_enable_image=&#8220;off&#8220; background_layout=&#8220;light&#8220; global_colors_info=&#8220;{}&#8220; sticky_transition=&#8220;on&#8220;]<\/p>\n<p>Die vollst\u00e4ndige Schutzeinhausung wurde optimiert, um einen Austritt von \u00d6l oder Emulsionen sowie das Verlassen von Sp\u00e4nen aus der Maschine zu verhindern. Auch der Werkzeugwechsler und das Magazin sind vollst\u00e4ndig eingehaust, wodurch sichergestellt wird, dass keine Sp\u00e4ne zu den Werkzeugaufnahmen gelangen. <\/p>\n<p>[\/et_pb_slide][et_pb_slide heading=&#8220;Erh\u00f6hte Sicherheit und Effizienz&#8220; image=&#8220;https:\/\/eu.haitianprecision.com\/wp-content\/uploads\/sites\/5\/2024\/11\/VMCII_Highlight_Slider_1-1.jpg&#8220; use_bg_overlay=&#8220;off&#8220; use_text_overlay=&#8220;off&#8220; _builder_version=&#8220;4.27.0&#8243; _module_preset=&#8220;default&#8220; header_level=&#8220;h4&#8243; background_enable_color=&#8220;off&#8220; background_enable_image=&#8220;off&#8220; background_layout=&#8220;light&#8220; global_colors_info=&#8220;{}&#8220; sticky_transition=&#8220;on&#8220;]<\/p>\n<p>Der Kollisionsschutz beim Ausschalten, die \u00dcberlasterkennung und der intelligente Werkzeugvorbereitungsmodus erh\u00f6hen die Sicherheit und reduzieren Ausfallzeiten f\u00fcr eine optimale Bearbeitungseffizienz.<\/p>\n<p>[\/et_pb_slide][et_pb_slide heading=&#8220;Zuverl\u00e4ssiger Werkzeugwechsel&#8220; image=&#8220;https:\/\/eu.haitianprecision.com\/wp-content\/uploads\/sites\/5\/2024\/11\/VMC_Highlight_Slider_1-2.jpg&#8220; use_bg_overlay=&#8220;off&#8220; use_text_overlay=&#8220;off&#8220; _builder_version=&#8220;4.27.0&#8243; _module_preset=&#8220;default&#8220; header_level=&#8220;h4&#8243; background_enable_color=&#8220;off&#8220; background_enable_image=&#8220;off&#8220; background_layout=&#8220;light&#8220; global_colors_info=&#8220;{}&#8220; sticky_transition=&#8220;on&#8220;]<\/p>\n<p>Der Werkzeugwechsler der Maschine ist mit einem integrierten Druckluftspeicher ausgestattet. Dies gew\u00e4hrleistet, dass auch bei schwankender Druckluftversorgung der Werkzeugwechsel reibungslos erfolgt und eine hohe Prozessstabilit\u00e4t sichergestellt ist.<\/p>\n<p>[\/et_pb_slide][et_pb_slide heading=&#8220;Verschiedene Sp\u00e4nef\u00f6rderer&#8220; image=&#8220;https:\/\/eu.haitianprecision.com\/wp-content\/uploads\/sites\/5\/2024\/11\/VMCII_Highlight_Slider_2-1.jpg&#8220; use_bg_overlay=&#8220;off&#8220; use_text_overlay=&#8220;off&#8220; _builder_version=&#8220;4.27.0&#8243; _module_preset=&#8220;default&#8220; header_level=&#8220;h4&#8243; background_enable_color=&#8220;off&#8220; background_enable_image=&#8220;off&#8220; background_layout=&#8220;light&#8220; global_colors_info=&#8220;{}&#8220; sticky_transition=&#8220;on&#8220;]<\/p>\n<p>Es stehen mehrere Spanabfuhrvarianten zur Verf\u00fcgung, die einen effizienten Betrieb gew\u00e4hrleisten und die verschiedenen Kundenanforderungen f\u00fcr unterschiedliche Materialien und Bearbeitungsprozesse erf\u00fcllen.<\/p>\n<p>[\/et_pb_slide][\/et_pb_slider][\/et_pb_column][\/et_pb_row][\/et_pb_section][et_pb_section fb_built=&#8220;1&#8243; admin_label=&#8220;Video &#8211; Gallery Light&#8220; module_class=&#8220;section-video-gallery&#8220; _builder_version=&#8220;4.23.1&#8243; _module_preset=&#8220;default&#8220; collapsed=&#8220;off&#8220; global_colors_info=&#8220;{}&#8220;][et_pb_row _builder_version=&#8220;4.23.1&#8243; _module_preset=&#8220;default&#8220; global_colors_info=&#8220;{}&#8220;][et_pb_column type=&#8220;4_4&#8243; _builder_version=&#8220;4.23.1&#8243; _module_preset=&#8220;default&#8220; global_colors_info=&#8220;{}&#8220;][dvg_divi_video_gallery layout=&#8220;dvg-playlist-layout&#8220; _builder_version=&#8220;4.27.2&#8243; _module_preset=&#8220;default&#8220; global_colors_info=&#8220;{}&#8220;][dvg_divi_video_gallery_item title=&#8220;VMC II Series&#8220; subtitle=&#8220;<\/p>\n<p><span>Haitian Precision VMCII Series<\/span><\/p>\n<p>&#8220; src=&#8220;https:\/\/youtu.be\/yBio_HgKuQY?feature=shared&#8220; image_src=&#8220;\/\/i.ytimg.com\/vi\/yBio_HgKuQY\/hqdefault.jpg&#8220; _builder_version=&#8220;4.27.2&#8243; _module_preset=&#8220;default&#8220; global_colors_info=&#8220;{}&#8220; src__hover_enabled=&#8220;off|desktop&#8220;][\/dvg_divi_video_gallery_item][dvg_divi_video_gallery_item title=&#8220;CHM Series&#8220; subtitle=&#8220;<\/p>\n<p><span>Haitian Precision CHM7025B<\/span><\/p>\n<p>&#8220; src=&#8220;https:\/\/youtu.be\/1Cr9rvkuPsA?feature=shared&#8220; image_src=&#8220;\/\/i.ytimg.com\/vi\/1Cr9rvkuPsA\/hqdefault.jpg&#8220; src_last_edited=&#8220;off|tablet&#8220; _builder_version=&#8220;4.27.2&#8243; _module_preset=&#8220;default&#8220; global_colors_info=&#8220;{}&#8220;][\/dvg_divi_video_gallery_item][\/dvg_divi_video_gallery][et_pb_code _builder_version=&#8220;4.27.2&#8243; _module_preset=&#8220;default&#8220; global_colors_info=&#8220;{}&#8220;] <div class=\"brlbs-cmpnt-container brlbs-cmpnt-content-blocker brlbs-cmpnt-with-individual-styles\" data-borlabs-cookie-content-blocker-id=\"youtube-content-blocker\" data-borlabs-cookie-content=\"PGRpdiBjbGFzcz0iYnJsYnMtY21wbnQtY2ItZmx1aWQtd2lkdGgtdmlkZW8td3JhcHBlci15b3V0dWJlIj48L2Rpdj4=\"><div class=\"brlbs-cmpnt-cb-preset-c brlbs-cmpnt-cb-youtube\"> <div class=\"brlbs-cmpnt-cb-thumbnail\" style=\"background-image: url('https:\/\/eu.haitianprecision.com\/wp-content\/uploads\/borlabs-cookie\/5\/brlbs-cb-youtube-main.png')\"><\/div> <div class=\"brlbs-cmpnt-cb-main\"> <div class=\"brlbs-cmpnt-cb-play-button\"><\/div> <div class=\"brlbs-cmpnt-cb-content\"> <p class=\"brlbs-cmpnt-cb-description\">Sie sehen gerade einen Platzhalterinhalt von <strong>YouTube<\/strong>. Um auf den eigentlichen Inhalt zuzugreifen, klicken Sie auf die Schaltfl\u00e4che unten. Bitte beachten Sie, dass dabei Daten an Drittanbieter weitergegeben werden.<\/p> <a class=\"brlbs-cmpnt-cb-provider-toggle\" href=\"#\" data-borlabs-cookie-show-provider-information role=\"button\">Mehr Informationen<\/a> <\/div> <div class=\"brlbs-cmpnt-cb-buttons\"> <a class=\"brlbs-cmpnt-cb-btn\" href=\"#\" data-borlabs-cookie-unblock role=\"button\">Inhalt entsperren<\/a> <a class=\"brlbs-cmpnt-cb-btn\" href=\"#\" data-borlabs-cookie-accept-service role=\"button\" style=\"display: inherit\">Erforderlichen Service akzeptieren und Inhalte entsperren<\/a> <\/div> <\/div> <\/div><\/div>[\/et_pb_code][\/et_pb_column][\/et_pb_row][\/et_pb_section][et_pb_section fb_built=&#8220;1&#8243; module_class=&#8220;section-contactRegion-text noPadding-top&#8220; _builder_version=&#8220;4.27.0&#8243; _module_preset=&#8220;default&#8220; global_colors_info=&#8220;{}&#8220;][et_pb_row column_structure=&#8220;1_2,1_2&#8243; make_equal=&#8220;on&#8220; module_class=&#8220;light&#8220; _builder_version=&#8220;4.25.2&#8243; _module_preset=&#8220;default&#8220; global_colors_info=&#8220;{}&#8220;][et_pb_column type=&#8220;1_2&#8243; _builder_version=&#8220;4.25.2&#8243; _module_preset=&#8220;default&#8220; global_colors_info=&#8220;{}&#8220;][et_pb_text _builder_version=&#8220;4.23.1&#8243; _module_preset=&#8220;default&#8220; text_text_color=&#8220;#000000&#8243; header_text_color=&#8220;#000000&#8243; header_3_text_color=&#8220;#000000&#8243; global_colors_info=&#8220;{}&#8220;]<\/p>\n<h3>Ansprechpartner<\/h3>\n<p>[\/et_pb_text][et_pb_text _builder_version=&#8220;4.23.1&#8243; _module_preset=&#8220;default&#8220; global_colors_info=&#8220;{}&#8220;]<\/p>\n<p><span>Egal wo Ihr Betrieb liegt \u2013 unsere regionalen Vertriebs- &amp; Servicepartner stehen Ihnen f\u00fcr alle Fragen zur Verf\u00fcgung. <\/span><\/p>\n<p>[\/et_pb_text][\/et_pb_column][et_pb_column type=&#8220;1_2&#8243; _builder_version=&#8220;4.25.2&#8243; _module_preset=&#8220;default&#8220; global_colors_info=&#8220;{}&#8220;][et_pb_button button_url=&#8220;https:\/\/eu.haitianprecision.com\/contact-overview\/&#8220; url_new_window=&#8220;on&#8220; button_text=&#8220;zum Kontakt&#8220; button_alignment=&#8220;center&#8220; _builder_version=&#8220;4.27.0&#8243; _module_preset=&#8220;default&#8220; background_layout=&#8220;dark&#8220; global_colors_info=&#8220;{}&#8220;][\/et_pb_button][\/et_pb_column][\/et_pb_row][\/et_pb_section]<\/p>\n","protected":false},"excerpt":{"rendered":"<p>Die vertikalen Bearbeitungszentren der V-Serie stellen eine Weiterentwicklung der VMC-Serie dar und wurden konzipiert, um leistungsstarke, kosteneffiziente Produkte zu schaffen. Diese Maschinen finden breite Anwendung in der Automobilzulieferindustrie, im Bau- und Maschinenbau sowie in weiteren Bereichen der allgemeinen Industrie. 1200\/600\/600 mm36\/36\/36 m\/min8000 U\/min11\/15 kW52,5\/95,5 N-mHighlightsDie neueste Generation der VMC-Serie zeichnet sich durch ein Bett- und [&hellip;]<\/p>\n","protected":false},"author":3,"featured_media":0,"parent":4673,"menu_order":0,"comment_status":"closed","ping_status":"closed","template":"custom-template-menu-dark.php","meta":{"_et_pb_use_builder":"on","_et_pb_old_content":"","_et_gb_content_width":"","footnotes":""},"class_list":["post-1163","page","type-page","status-publish","hentry"],"yoast_head":"<!-- This site is optimized with the Yoast SEO plugin v27.2 - https:\/\/yoast.com\/product\/yoast-seo-wordpress\/ -->\n<title>V-Serie - Haitian Precision<\/title>\n<meta name=\"robots\" content=\"index, follow, max-snippet:-1, max-image-preview:large, max-video-preview:-1\" \/>\n<link rel=\"canonical\" href=\"https:\/\/eu.haitianprecision.com\/de\/produkte\/vertikales-bearbeitungszentrum\/v-serie\/\" \/>\n<meta property=\"og:locale\" content=\"de_DE\" \/>\n<meta property=\"og:type\" content=\"article\" \/>\n<meta property=\"og:title\" content=\"V-Serie - Haitian Precision\" \/>\n<meta property=\"og:description\" content=\"Die vertikalen Bearbeitungszentren der V-Serie stellen eine Weiterentwicklung der VMC-Serie dar und wurden konzipiert, um leistungsstarke, kosteneffiziente Produkte zu schaffen. Diese Maschinen finden breite Anwendung in der Automobilzulieferindustrie, im Bau- und Maschinenbau sowie in weiteren Bereichen der allgemeinen Industrie. 1200\/600\/600 mm36\/36\/36 m\/min8000 U\/min11\/15 kW52,5\/95,5 N-mHighlightsDie neueste Generation der VMC-Serie zeichnet sich durch ein Bett- und [&hellip;]\" \/>\n<meta property=\"og:url\" content=\"https:\/\/eu.haitianprecision.com\/de\/produkte\/vertikales-bearbeitungszentrum\/v-serie\/\" \/>\n<meta property=\"og:site_name\" content=\"Haitian Precision\" \/>\n<meta property=\"article:modified_time\" content=\"2026-03-25T09:12:22+00:00\" \/>\n<meta name=\"twitter:card\" content=\"summary_large_image\" \/>\n<meta name=\"twitter:label1\" content=\"Gesch\u00e4tzte Lesezeit\" \/>\n\t<meta name=\"twitter:data1\" content=\"4\u00a0Minuten\" \/>\n<script type=\"application\/ld+json\" class=\"yoast-schema-graph\">{\"@context\":\"https:\/\/schema.org\",\"@graph\":[{\"@type\":\"WebPage\",\"@id\":\"https:\/\/eu.haitianprecision.com\/de\/produkte\/vertikales-bearbeitungszentrum\/v-serie\/\",\"url\":\"https:\/\/eu.haitianprecision.com\/de\/produkte\/vertikales-bearbeitungszentrum\/v-serie\/\",\"name\":\"V-Serie - Haitian Precision\",\"isPartOf\":{\"@id\":\"https:\/\/eu.haitianprecision.com\/de\/#website\"},\"datePublished\":\"2024-11-05T08:14:16+00:00\",\"dateModified\":\"2026-03-25T09:12:22+00:00\",\"breadcrumb\":{\"@id\":\"https:\/\/eu.haitianprecision.com\/de\/produkte\/vertikales-bearbeitungszentrum\/v-serie\/#breadcrumb\"},\"inLanguage\":\"de\",\"potentialAction\":[{\"@type\":\"ReadAction\",\"target\":[\"https:\/\/eu.haitianprecision.com\/de\/produkte\/vertikales-bearbeitungszentrum\/v-serie\/\"]}]},{\"@type\":\"BreadcrumbList\",\"@id\":\"https:\/\/eu.haitianprecision.com\/de\/produkte\/vertikales-bearbeitungszentrum\/v-serie\/#breadcrumb\",\"itemListElement\":[{\"@type\":\"ListItem\",\"position\":1,\"name\":\"Home\",\"item\":\"https:\/\/eu.haitianprecision.com\/de\/\"},{\"@type\":\"ListItem\",\"position\":2,\"name\":\"Produkte\",\"item\":\"https:\/\/eu.haitianprecision.com\/de\/products\/\"},{\"@type\":\"ListItem\",\"position\":3,\"name\":\"Vertikales Bearbeitungszentrum\",\"item\":\"https:\/\/eu.haitianprecision.com\/de\/products\/vertical-machining-center\/\"},{\"@type\":\"ListItem\",\"position\":4,\"name\":\"V-Serie\"}]},{\"@type\":\"WebSite\",\"@id\":\"https:\/\/eu.haitianprecision.com\/de\/#website\",\"url\":\"https:\/\/eu.haitianprecision.com\/de\/\",\"name\":\"Haitian Precision\",\"description\":\"\",\"potentialAction\":[{\"@type\":\"SearchAction\",\"target\":{\"@type\":\"EntryPoint\",\"urlTemplate\":\"https:\/\/eu.haitianprecision.com\/de\/?s={search_term_string}\"},\"query-input\":{\"@type\":\"PropertyValueSpecification\",\"valueRequired\":true,\"valueName\":\"search_term_string\"}}],\"inLanguage\":\"de\"}]}<\/script>\n<!-- \/ Yoast SEO plugin. -->","yoast_head_json":{"title":"V-Serie - Haitian Precision","robots":{"index":"index","follow":"follow","max-snippet":"max-snippet:-1","max-image-preview":"max-image-preview:large","max-video-preview":"max-video-preview:-1"},"canonical":"https:\/\/eu.haitianprecision.com\/de\/produkte\/vertikales-bearbeitungszentrum\/v-serie\/","og_locale":"de_DE","og_type":"article","og_title":"V-Serie - Haitian Precision","og_description":"Die vertikalen Bearbeitungszentren der V-Serie stellen eine Weiterentwicklung der VMC-Serie dar und wurden konzipiert, um leistungsstarke, kosteneffiziente Produkte zu schaffen. Diese Maschinen finden breite Anwendung in der Automobilzulieferindustrie, im Bau- und Maschinenbau sowie in weiteren Bereichen der allgemeinen Industrie. 1200\/600\/600 mm36\/36\/36 m\/min8000 U\/min11\/15 kW52,5\/95,5 N-mHighlightsDie neueste Generation der VMC-Serie zeichnet sich durch ein Bett- und [&hellip;]","og_url":"https:\/\/eu.haitianprecision.com\/de\/produkte\/vertikales-bearbeitungszentrum\/v-serie\/","og_site_name":"Haitian Precision","article_modified_time":"2026-03-25T09:12:22+00:00","twitter_card":"summary_large_image","twitter_misc":{"Gesch\u00e4tzte Lesezeit":"4\u00a0Minuten"},"schema":{"@context":"https:\/\/schema.org","@graph":[{"@type":"WebPage","@id":"https:\/\/eu.haitianprecision.com\/de\/produkte\/vertikales-bearbeitungszentrum\/v-serie\/","url":"https:\/\/eu.haitianprecision.com\/de\/produkte\/vertikales-bearbeitungszentrum\/v-serie\/","name":"V-Serie - Haitian Precision","isPartOf":{"@id":"https:\/\/eu.haitianprecision.com\/de\/#website"},"datePublished":"2024-11-05T08:14:16+00:00","dateModified":"2026-03-25T09:12:22+00:00","breadcrumb":{"@id":"https:\/\/eu.haitianprecision.com\/de\/produkte\/vertikales-bearbeitungszentrum\/v-serie\/#breadcrumb"},"inLanguage":"de","potentialAction":[{"@type":"ReadAction","target":["https:\/\/eu.haitianprecision.com\/de\/produkte\/vertikales-bearbeitungszentrum\/v-serie\/"]}]},{"@type":"BreadcrumbList","@id":"https:\/\/eu.haitianprecision.com\/de\/produkte\/vertikales-bearbeitungszentrum\/v-serie\/#breadcrumb","itemListElement":[{"@type":"ListItem","position":1,"name":"Home","item":"https:\/\/eu.haitianprecision.com\/de\/"},{"@type":"ListItem","position":2,"name":"Produkte","item":"https:\/\/eu.haitianprecision.com\/de\/products\/"},{"@type":"ListItem","position":3,"name":"Vertikales Bearbeitungszentrum","item":"https:\/\/eu.haitianprecision.com\/de\/products\/vertical-machining-center\/"},{"@type":"ListItem","position":4,"name":"V-Serie"}]},{"@type":"WebSite","@id":"https:\/\/eu.haitianprecision.com\/de\/#website","url":"https:\/\/eu.haitianprecision.com\/de\/","name":"Haitian Precision","description":"","potentialAction":[{"@type":"SearchAction","target":{"@type":"EntryPoint","urlTemplate":"https:\/\/eu.haitianprecision.com\/de\/?s={search_term_string}"},"query-input":{"@type":"PropertyValueSpecification","valueRequired":true,"valueName":"search_term_string"}}],"inLanguage":"de"}]}},"_links":{"self":[{"href":"https:\/\/eu.haitianprecision.com\/de\/wp-json\/wp\/v2\/pages\/1163","targetHints":{"allow":["GET"]}}],"collection":[{"href":"https:\/\/eu.haitianprecision.com\/de\/wp-json\/wp\/v2\/pages"}],"about":[{"href":"https:\/\/eu.haitianprecision.com\/de\/wp-json\/wp\/v2\/types\/page"}],"author":[{"embeddable":true,"href":"https:\/\/eu.haitianprecision.com\/de\/wp-json\/wp\/v2\/users\/3"}],"replies":[{"embeddable":true,"href":"https:\/\/eu.haitianprecision.com\/de\/wp-json\/wp\/v2\/comments?post=1163"}],"version-history":[{"count":6,"href":"https:\/\/eu.haitianprecision.com\/de\/wp-json\/wp\/v2\/pages\/1163\/revisions"}],"predecessor-version":[{"id":7397,"href":"https:\/\/eu.haitianprecision.com\/de\/wp-json\/wp\/v2\/pages\/1163\/revisions\/7397"}],"up":[{"embeddable":true,"href":"https:\/\/eu.haitianprecision.com\/de\/wp-json\/wp\/v2\/pages\/4673"}],"wp:attachment":[{"href":"https:\/\/eu.haitianprecision.com\/de\/wp-json\/wp\/v2\/media?parent=1163"}],"curies":[{"name":"wp","href":"https:\/\/api.w.org\/{rel}","templated":true}]}}